{"id":1976282,"date":"2020-01-30T13:30:09","date_gmt":"2020-01-30T12:30:09","guid":{"rendered":"https:\/\/de.tilta.com\/shop\/armorman-3-0-stuetzweste-dock\/"},"modified":"2025-12-05T12:27:39","modified_gmt":"2025-12-05T11:27:39","slug":"armorman-3-0-support-vest-dock","status":"publish","type":"product","link":"https:\/\/eu.tilta.com\/de\/shop\/armorman-3-0-support-vest-dock\/","title":{"rendered":"Armorman 3.0 St\u00fctzweste Dock"},"content":{"rendered":"<p>Dieses Teil l\u00e4sst sich an jedem Baby-Pin-Stecker befestigen, so dass Sie die Weste bei Nichtgebrauch einfach andocken k\u00f6nnen.<\/p>\n","protected":false},"excerpt":{"rendered":"<p>Dieses Teil l\u00e4sst sich an jedem Baby-Pin-Stecker befestigen, so dass Sie die Weste bei Nichtgebrauch einfach andocken k\u00f6nnen.<\/p>\n","protected":false},"featured_media":1960881,"comment_status":"closed","ping_status":"closed","template":"","meta":[],"product_cat":[1468],"product_tag":[],"acf":[],"gallery_images":[],"_links":{"self":[{"href":"https:\/\/eu.tilta.com\/de\/wp-json\/wp\/v2\/product\/1976282"}],"collection":[{"href":"https:\/\/eu.tilta.com\/de\/wp-json\/wp\/v2\/product"}],"about":[{"href":"https:\/\/eu.tilta.com\/de\/wp-json\/wp\/v2\/types\/product"}],"replies":[{"embeddable":true,"href":"https:\/\/eu.tilta.com\/de\/wp-json\/wp\/v2\/comments?post=1976282"}],"wp:featuredmedia":[{"embeddable":true,"href":"https:\/\/eu.tilta.com\/de\/wp-json\/wp\/v2\/media\/1960881"}],"wp:attachment":[{"href":"https:\/\/eu.tilta.com\/de\/wp-json\/wp\/v2\/media?parent=1976282"}],"wp:term":[{"taxonomy":"product_cat","embeddable":true,"href":"https:\/\/eu.tilta.com\/de\/wp-json\/wp\/v2\/product_cat?post=1976282"},{"taxonomy":"product_tag","embeddable":true,"href":"https:\/\/eu.tilta.com\/de\/wp-json\/wp\/v2\/product_tag?post=1976282"}],"curies":[{"name":"wp","href":"https:\/\/api.w.org\/{rel}","templated":true}]}}