{"id":1976287,"date":"2020-01-30T12:54:59","date_gmt":"2020-01-30T11:54:59","guid":{"rendered":"https:\/\/de.tilta.com\/shop\/armorman-3-0-arm-r\/"},"modified":"2025-12-05T12:27:39","modified_gmt":"2025-12-05T11:27:39","slug":"armorman-3-0-arm-r","status":"publish","type":"product","link":"https:\/\/eu.tilta.com\/de\/shop\/armorman-3-0-arm-r\/","title":{"rendered":"Armorman 3.0 Arm (R)"},"content":{"rendered":"<p>Dieser sto\u00dfabsorbierende, stabilisierte rechte Arm f\u00fcr den Armor Man 3.0 wird in der normalen Betriebsart an der R\u00fcckseite der Armor Man 3.0 Weste befestigt und kann auch an der Oberseite der Weste angebracht werden, wenn Sie in der \u00dcberkopfkonfiguration arbeiten. Wenn der Arm eingerastet ist, verf\u00fcgt er \u00fcber zwei verstellbare Spannungskn\u00f6pfe, mit denen Sie das Gewicht Ihres Gimbal-\/Kamera-Rigs sowie Ihren bevorzugten Arbeitsstil einstellen k\u00f6nnen (ob Sie die Arme vom K\u00f6rper weggebeugt oder eng und kompakt am K\u00f6rper anliegen lassen m\u00f6chten).<\/p>\n<p>Sie k\u00f6nnen eine Vielzahl von Gimbalhalterungen am Ende des Arms anbringen, um den Armorman mit jeder Art von 3-Achsen-Gimbal zu verwenden, sei es ein Gimbal auf Basis der oberen Stange, ein Gimbal auf Basis eines Rings oder sogar wenn Sie die Nucleus-M Griffe an Ihrem Gimbal verwenden m\u00f6chten. Jede dieser St\u00fctzen ist mit einem verschiebbaren Schwalbenschwanzsystem am Arm befestigt, so dass Sie sie f\u00fcr maximalen Komfort an Ihre Arbeitsgewohnheiten anpassen k\u00f6nnen.<\/p>\n","protected":false},"excerpt":{"rendered":"<p>Dieser sto\u00dfabsorbierende, stabilisierte rechte Arm f\u00fcr den Armor Man 3.0 wird in der normalen Betriebsart an der R\u00fcckseite der Armor Man 3.0 Weste befestigt und kann auch an der Oberseite der Weste angebracht werden, wenn Sie in der \u00dcberkopfkonfiguration arbeiten. [&hellip;]<\/p>\n","protected":false},"featured_media":1960877,"comment_status":"closed","ping_status":"closed","template":"","meta":[],"product_cat":[1468],"product_tag":[],"acf":[],"gallery_images":[],"_links":{"self":[{"href":"https:\/\/eu.tilta.com\/de\/wp-json\/wp\/v2\/product\/1976287"}],"collection":[{"href":"https:\/\/eu.tilta.com\/de\/wp-json\/wp\/v2\/product"}],"about":[{"href":"https:\/\/eu.tilta.com\/de\/wp-json\/wp\/v2\/types\/product"}],"replies":[{"embeddable":true,"href":"https:\/\/eu.tilta.com\/de\/wp-json\/wp\/v2\/comments?post=1976287"}],"wp:featuredmedia":[{"embeddable":true,"href":"https:\/\/eu.tilta.com\/de\/wp-json\/wp\/v2\/media\/1960877"}],"wp:attachment":[{"href":"https:\/\/eu.tilta.com\/de\/wp-json\/wp\/v2\/media?parent=1976287"}],"wp:term":[{"taxonomy":"product_cat","embeddable":true,"href":"https:\/\/eu.tilta.com\/de\/wp-json\/wp\/v2\/product_cat?post=1976287"},{"taxonomy":"product_tag","embeddable":true,"href":"https:\/\/eu.tilta.com\/de\/wp-json\/wp\/v2\/product_tag?post=1976287"}],"curies":[{"name":"wp","href":"https:\/\/api.w.org\/{rel}","templated":true}]}}