{"id":1976289,"date":"2020-01-18T04:06:59","date_gmt":"2020-01-18T03:06:59","guid":{"rendered":"https:\/\/de.tilta.com\/shop\/kamerakaefig-fuer-alexa-mini-lf-mini\/"},"modified":"2025-12-05T12:27:57","modified_gmt":"2025-12-05T11:27:57","slug":"camera-cage-for-alexa-mini-lf-mini","status":"publish","type":"product","link":"https:\/\/eu.tilta.com\/de\/shop\/camera-cage-for-alexa-mini-lf-mini\/","title":{"rendered":"Kamerak\u00e4fig f\u00fcr Alexa Mini LF\/Mini"},"content":{"rendered":"<p>Bewaffnen Sie Ihre Kamera mit diesem Tilta Kamerak\u00e4fig, der speziell f\u00fcr die Arri Alexa Mini LF und Alexa Mini entwickelt wurde.<\/p>\n<p>Es bietet eine hochwertige, CNC-gefr\u00e4ste Aluminium-Schutzh\u00fclle f\u00fcr Ihre Kamera, die \u00fcber mehrere \u00bc&#8221;-20 und \u215c&#8221;-16 Befestigungspunkte f\u00fcr die Anbringung von Zubeh\u00f6r verf\u00fcgt.<\/p>\n<p>Die Tilta Standard-Akkuplatte f\u00fcr Arri Alexa Mini LF\/Mini Cage, die entweder mit Gold Mount oder V-Mount erh\u00e4ltlich ist, l\u00e4sst sich in das Kamerageh\u00e4use integrieren und bietet mehrere Strom- und Videoeing\u00e4nge und -ausg\u00e4nge.<\/p>\n<p>Die Stifte an der oberen NATO-Schiene der Platte stehen direkt mit der oberen Platte und dem oberen Griff in Verbindung, wenn diese angebracht sind, und \u00fcbertragen so die Funktion der Leistungsabgabe auf sie.<\/p>\n<p>Das Top Plate Power Connection Module bietet eine Stromverteilung \u00fcber die obere Platte, w\u00e4hrend das Top Handle Power Connection Module eine Stromverteilung \u00fcber den oberen Griff bietet.<\/p>\n<p>Damit k\u00f6nnen Sie Ihr Zubeh\u00f6r praktisch von jedem Punkt des K\u00e4figs aus mit Strom versorgen.<\/p>\n<p>Die Akkuplatte ist an einer verschiebbaren Br\u00fcckenhalterung befestigt, so dass Sie sie von der R\u00fcckseite des Kamerageh\u00e4uses wegbewegen k\u00f6nnen, um auf die verschiedenen Tasten und Anschl\u00fcsse zuzugreifen, und sie dann wieder direkt an das Kamerageh\u00e4use heranschieben k\u00f6nnen, um eine kompakte Einrichtung w\u00e4hrend des Betriebs zu erm\u00f6glichen.<\/p>\n<p>An der oberen Platte kann eine EVF-Halterung angebracht werden, die eine 360-Grad-Drehung erm\u00f6glicht, so dass Sie Ihre Alexa Mini LF\/Mini EVF w\u00e4hrend des Betriebs individuell betrachten k\u00f6nnen.<\/p>\n<p>Im Lieferumfang enthalten sind Verl\u00e4ngerungen f\u00fcr den oberen Griff, mit denen Sie die L\u00e4nge des oberen Griffs \u00fcber die R\u00fcckseite des Ger\u00e4ts hinaus verl\u00e4ngern k\u00f6nnen, um in verschiedenen Positionen bequemer arbeiten zu k\u00f6nnen.<\/p>\n<p>Linke und rechte Seitenarme helfen, den K\u00e4fig vollst\u00e4ndig zu stabilisieren und bieten Schutz sowie eine Vielzahl von Befestigungspunkten an allen Seiten des K\u00e4figs.<\/p>\n<p>Diese Seitenarme sind mit Arri Standard Rosettenanschl\u00fcssen ausgestattet, die es Ihnen erm\u00f6glichen, Griffe f\u00fcr ein kompaktes Handbedienungs-Setup einfach anzuschlie\u00dfen.<\/p>\n<p>An der Unterseite des K\u00e4figs befindet sich eine 15-mm-LWS-Grundplatte, an der Sie diverses Zubeh\u00f6r \u00fcber 15-mm-Stangen befestigen k\u00f6nnen.<\/p>\n<p>Die Platte kann an einem <a href=\"https:\/\/de.tilta.com\/shop\/10-lightweight-dovetail-plate-tt-c16\/\">Tilta Standardschwalbenschwanz<\/a> befestigt werden, so dass Sie leicht auf eine Betriebseinrichtung auf- und abgleiten k\u00f6nnen.<\/p>\n<p>Die optionale <a href=\"https:\/\/de.tilta.com\/shop\/19mm-tilta-studio-multi-functional-baseplate-tt-c06-d\/\">multifunktionale Grundplatte von Tilta Standard auf Arri Standard<\/a> kann erworben werden, um diesen K\u00e4fig bei Bedarf an einen Arri Standard Schwalbenschwanz zu montieren.<\/p>\n","protected":false},"excerpt":{"rendered":"<p>Bewaffnen Sie Ihre Kamera mit diesem Tilta Kamerak\u00e4fig, der speziell f\u00fcr die Arri Alexa Mini LF und Alexa Mini entwickelt wurde. Es bietet eine hochwertige, CNC-gefr\u00e4ste Aluminium-Schutzh\u00fclle f\u00fcr Ihre Kamera, die \u00fcber mehrere \u00bc&#8221;-20 und \u215c&#8221;-16 Befestigungspunkte f\u00fcr die Anbringung [&hellip;]<\/p>\n","protected":false},"featured_media":1960842,"comment_status":"closed","ping_status":"closed","template":"","meta":[],"product_cat":[1078],"product_tag":[],"acf":[],"gallery_images":[95458,95459],"_links":{"self":[{"href":"https:\/\/eu.tilta.com\/de\/wp-json\/wp\/v2\/product\/1976289"}],"collection":[{"href":"https:\/\/eu.tilta.com\/de\/wp-json\/wp\/v2\/product"}],"about":[{"href":"https:\/\/eu.tilta.com\/de\/wp-json\/wp\/v2\/types\/product"}],"replies":[{"embeddable":true,"href":"https:\/\/eu.tilta.com\/de\/wp-json\/wp\/v2\/comments?post=1976289"}],"wp:featuredmedia":[{"embeddable":true,"href":"https:\/\/eu.tilta.com\/de\/wp-json\/wp\/v2\/media\/1960842"}],"wp:attachment":[{"href":"https:\/\/eu.tilta.com\/de\/wp-json\/wp\/v2\/media?parent=1976289"}],"wp:term":[{"taxonomy":"product_cat","embeddable":true,"href":"https:\/\/eu.tilta.com\/de\/wp-json\/wp\/v2\/product_cat?post=1976289"},{"taxonomy":"product_tag","embeddable":true,"href":"https:\/\/eu.tilta.com\/de\/wp-json\/wp\/v2\/product_tag?post=1976289"}],"curies":[{"name":"wp","href":"https:\/\/api.w.org\/{rel}","templated":true}]}}