{"id":1976293,"date":"2019-07-25T10:03:06","date_gmt":"2019-07-25T08:03:06","guid":{"rendered":"https:\/\/de.tilta.com\/shop\/8v-dc-stecker-auf-7-poliges-nucleus-m-motorstromkabel\/"},"modified":"2026-02-16T09:00:24","modified_gmt":"2026-02-16T08:00:24","slug":"8v-dc-male-to-7-pin-nucleus-m-motor-power-cable","status":"publish","type":"product","link":"https:\/\/eu.tilta.com\/de\/shop\/8v-dc-male-to-7-pin-nucleus-m-motor-power-cable\/","title":{"rendered":"8V DC Stecker auf 7-poliges Nucleus-M Motorstromkabel"},"content":{"rendered":"<p>Mit diesem Gleichstrom-zu-7-Pin-Kabel f\u00fcr den Nucleus-M k\u00f6nnen Sie die Motoren \u00fcber einen 5,5 mm x 2,1 mm gro\u00dfen Gleichstromausgang mit Strom versorgen. Schlie\u00dfen Sie dieses Kabel einfach an einen der Motoren an und versorgen Sie dann die anderen Motoren mit den 7-poligen Nucleus-M Stromkabeln. Au\u00dferdem k\u00f6nnen Sie den Nucleus-M Motor \u00fcber den 18650er Akku mit Strom versorgen.<\/p>\n","protected":false},"excerpt":{"rendered":"<p>Mit diesem Gleichstrom-zu-7-Pin-Kabel f\u00fcr den Nucleus-M k\u00f6nnen Sie die Motoren \u00fcber einen 5,5 mm x 2,1 mm gro\u00dfen Gleichstromausgang mit Strom versorgen. Schlie\u00dfen Sie dieses Kabel einfach an einen der Motoren an und versorgen Sie dann die anderen Motoren mit [&hellip;]<\/p>\n","protected":false},"featured_media":1960164,"comment_status":"closed","ping_status":"closed","template":"","meta":[],"product_cat":[4448,1240],"product_tag":[],"acf":[],"gallery_images":[43019],"_links":{"self":[{"href":"https:\/\/eu.tilta.com\/de\/wp-json\/wp\/v2\/product\/1976293"}],"collection":[{"href":"https:\/\/eu.tilta.com\/de\/wp-json\/wp\/v2\/product"}],"about":[{"href":"https:\/\/eu.tilta.com\/de\/wp-json\/wp\/v2\/types\/product"}],"replies":[{"embeddable":true,"href":"https:\/\/eu.tilta.com\/de\/wp-json\/wp\/v2\/comments?post=1976293"}],"wp:featuredmedia":[{"embeddable":true,"href":"https:\/\/eu.tilta.com\/de\/wp-json\/wp\/v2\/media\/1960164"}],"wp:attachment":[{"href":"https:\/\/eu.tilta.com\/de\/wp-json\/wp\/v2\/media?parent=1976293"}],"wp:term":[{"taxonomy":"product_cat","embeddable":true,"href":"https:\/\/eu.tilta.com\/de\/wp-json\/wp\/v2\/product_cat?post=1976293"},{"taxonomy":"product_tag","embeddable":true,"href":"https:\/\/eu.tilta.com\/de\/wp-json\/wp\/v2\/product_tag?post=1976293"}],"curies":[{"name":"wp","href":"https:\/\/api.w.org\/{rel}","templated":true}]}}