{"id":1976296,"date":"2019-08-16T12:27:23","date_gmt":"2019-08-16T10:27:23","guid":{"rendered":"https:\/\/de.tilta.com\/shop\/sony-venedig-rialto-kamerakaefig\/"},"modified":"2025-12-05T12:28:12","modified_gmt":"2025-12-05T11:28:12","slug":"sony-venice-rialto-camera-cage","status":"publish","type":"product","link":"https:\/\/eu.tilta.com\/de\/shop\/sony-venice-rialto-camera-cage\/","title":{"rendered":"Sony Venedig Rialto Kamerak\u00e4fig"},"content":{"rendered":"<p>Bewaffnen Sie Ihre Kamera mit diesem Tilta Kamerak\u00e4fig, der speziell f\u00fcr die Sony Venice Rialto entwickelt wurde. Es bietet eine hochwertige, CNC-gefr\u00e4ste Schutzh\u00fclle aus Aluminium f\u00fcr den Sensorblock der Kamera, die \u00fcber mehrere \u00bc&#8221;-20 und \u215c&#8221;-16 Befestigungspunkte f\u00fcr die Anbringung von Zubeh\u00f6r verf\u00fcgt.<\/p>\n<p>An der R\u00fcckseite des Sensorblocks kann eine Batterieplatte (erh\u00e4ltlich als Gold- oder V-Mount) angebracht werden. Der Strom wird dann an einen 3-poligen Fischer- und einen 2-poligen Lemo-Anschluss an der Vorderseite des K\u00e4figs weitergeleitet, \u00fcber die Sie Zubeh\u00f6r mit Strom versorgen k\u00f6nnen.<\/p>\n<p>Das mitgelieferte 3-polige Fischerkabel sendet die Kommunikation vom 3-poligen Kommunikationsanschluss der Kamera an einen 3-poligen Fischer-Anschluss auf der R\u00fcckseite des K\u00e4figs (zum Bediener hin), der dann die R\/S-Funktionalit\u00e4t an einen 3-poligen R\/S-Anschluss auf der Vorderseite des K\u00e4figs sendet.<\/p>\n<p>Hinweis: Dieser R\/S-Anschluss kann nur Laufstopps senden und kann kein Zubeh\u00f6r mit Strom versorgen.<\/p>\n<p>Im Lieferumfang sind zwei Verl\u00e4ngerungsarme und Holzgriffe enthalten, mit denen Sie die beiden Arri-Standardrosetten an den Seiten des K\u00e4figs befestigen k\u00f6nnen, so dass Sie bequem arbeiten k\u00f6nnen.<\/p>\n<p>In Verbindung mit dem Sony Venice Rialto Rucksack (separat erh\u00e4ltlich) bietet er Ihnen eine komfortable, ergonomische M\u00f6glichkeit, Ihr gesamtes Rialto Kamera-Setup zu bedienen und zu transportieren.<\/p>\n","protected":false},"excerpt":{"rendered":"<p>Bewaffnen Sie Ihre Kamera mit diesem Tilta Kamerak\u00e4fig, der speziell f\u00fcr die Sony Venice Rialto entwickelt wurde. Es bietet eine hochwertige, CNC-gefr\u00e4ste Schutzh\u00fclle aus Aluminium f\u00fcr den Sensorblock der Kamera, die \u00fcber mehrere \u00bc&#8221;-20 und \u215c&#8221;-16 Befestigungspunkte f\u00fcr die Anbringung [&hellip;]<\/p>\n","protected":false},"featured_media":1960205,"comment_status":"closed","ping_status":"closed","template":"","meta":[],"product_cat":[1133],"product_tag":[],"acf":[],"gallery_images":[],"_links":{"self":[{"href":"https:\/\/eu.tilta.com\/de\/wp-json\/wp\/v2\/product\/1976296"}],"collection":[{"href":"https:\/\/eu.tilta.com\/de\/wp-json\/wp\/v2\/product"}],"about":[{"href":"https:\/\/eu.tilta.com\/de\/wp-json\/wp\/v2\/types\/product"}],"replies":[{"embeddable":true,"href":"https:\/\/eu.tilta.com\/de\/wp-json\/wp\/v2\/comments?post=1976296"}],"wp:featuredmedia":[{"embeddable":true,"href":"https:\/\/eu.tilta.com\/de\/wp-json\/wp\/v2\/media\/1960205"}],"wp:attachment":[{"href":"https:\/\/eu.tilta.com\/de\/wp-json\/wp\/v2\/media?parent=1976296"}],"wp:term":[{"taxonomy":"product_cat","embeddable":true,"href":"https:\/\/eu.tilta.com\/de\/wp-json\/wp\/v2\/product_cat?post=1976296"},{"taxonomy":"product_tag","embeddable":true,"href":"https:\/\/eu.tilta.com\/de\/wp-json\/wp\/v2\/product_tag?post=1976296"}],"curies":[{"name":"wp","href":"https:\/\/api.w.org\/{rel}","templated":true}]}}