{"id":1976299,"date":"2019-12-26T16:52:19","date_gmt":"2019-12-26T15:52:19","guid":{"rendered":"https:\/\/de.tilta.com\/shop\/armorman-3-0-kardanisches-stuetzsystem\/"},"modified":"2025-12-05T12:27:58","modified_gmt":"2025-12-05T11:27:58","slug":"armor-man-3-0-gimbal-support-system","status":"publish","type":"product","link":"https:\/\/eu.tilta.com\/de\/shop\/armor-man-3-0-gimbal-support-system\/","title":{"rendered":"Armorman 3.0 Kardanisches St\u00fctzsystem"},"content":{"rendered":"<p>Der Armorman 3.0 wurde entwickelt, um Komfort und Unterst\u00fctzung bei der Bedienung Ihres Gimbals zu bieten, indem er das Gewicht des Gimbals auf Ihre K\u00f6rpermitte verlagert und so Ihre Arme deutlich entlastet.<\/p>\n<p>So k\u00f6nnen Sie Ihren Gimbal bequem und \u00fcber einen viel l\u00e4ngeren Zeitraum hinweg bedienen, ohne dabei an Flexibilit\u00e4t oder Leistung einzub\u00fc\u00dfen.<\/p>\n<p>Zwei mechanische Arme mit sto\u00dfd\u00e4mpfenden Stabilisierungssystemen werden auf der R\u00fcckseite der verstellbaren Weste oder im Hochmodus oben auf der Weste befestigt.<\/p>\n<p>Wenn die Arme eingerastet sind, verf\u00fcgen sie \u00fcber zwei verstellbare Spannungskn\u00f6pfe an jedem Arm, mit denen Sie die Spannung in Abh\u00e4ngigkeit vom Gewicht Ihres Gimbal-Rigs und Ihrem bevorzugten Betriebsstil einstellen k\u00f6nnen.<\/p>\n<p>Die Arme lassen sich mit den mitgelieferten Halterungen oder St\u00fctzschalen, die Sie einfach in die Arme einschieben, an jedem Top Bar Gimbal System oder Gimbal Ring System befestigen.<\/p>\n<p>In Verbindung mit den Universal Gimbal Ring Adaptern und dem Nucleus M kann der Armorman 3.0 zu einem einzigen Bedienersystem werden.<\/p>\n<p>Wenn Sie mit der Arbeit fertig sind, kuppeln Sie die Arme einfach aus, indem Sie an den Entriegelungsschn\u00fcren f\u00fcr jeden Arm ziehen (im normalen Modus) und sie dann mit dem angebrachten Armempf\u00e4nger bequem an den Seiten der Weste ablegen.<\/p>\n<p>So k\u00f6nnen Sie die Weste zwischen den Aufnahmen anbehalten. Wenn Sie dann wieder bereit sind zu arbeiten, koppeln Sie einfach die Arme wieder an und bringen den Gimbal wieder an.<\/p>\n<p>Unterst\u00fctzt Systeme bis zu 50lbs und Gimbals mit 25mm oder 30mm Durchmesser, einschlie\u00dflich der Advanced &amp; Basic Ring Grips.<\/p>\n","protected":false},"excerpt":{"rendered":"<p>Der Armorman 3.0 wurde entwickelt, um Komfort und Unterst\u00fctzung bei der Bedienung Ihres Gimbals zu bieten, indem er das Gewicht des Gimbals auf Ihre K\u00f6rpermitte verlagert und so Ihre Arme deutlich entlastet. So k\u00f6nnen Sie Ihren Gimbal bequem und \u00fcber [&hellip;]<\/p>\n","protected":false},"featured_media":1960710,"comment_status":"closed","ping_status":"closed","template":"","meta":[],"product_cat":[1468],"product_tag":[],"acf":[],"gallery_images":[1938960,1938961,1938962],"_links":{"self":[{"href":"https:\/\/eu.tilta.com\/de\/wp-json\/wp\/v2\/product\/1976299"}],"collection":[{"href":"https:\/\/eu.tilta.com\/de\/wp-json\/wp\/v2\/product"}],"about":[{"href":"https:\/\/eu.tilta.com\/de\/wp-json\/wp\/v2\/types\/product"}],"replies":[{"embeddable":true,"href":"https:\/\/eu.tilta.com\/de\/wp-json\/wp\/v2\/comments?post=1976299"}],"wp:featuredmedia":[{"embeddable":true,"href":"https:\/\/eu.tilta.com\/de\/wp-json\/wp\/v2\/media\/1960710"}],"wp:attachment":[{"href":"https:\/\/eu.tilta.com\/de\/wp-json\/wp\/v2\/media?parent=1976299"}],"wp:term":[{"taxonomy":"product_cat","embeddable":true,"href":"https:\/\/eu.tilta.com\/de\/wp-json\/wp\/v2\/product_cat?post=1976299"},{"taxonomy":"product_tag","embeddable":true,"href":"https:\/\/eu.tilta.com\/de\/wp-json\/wp\/v2\/product_tag?post=1976299"}],"curies":[{"name":"wp","href":"https:\/\/api.w.org\/{rel}","templated":true}]}}