{"id":1976301,"date":"2019-08-16T12:16:28","date_gmt":"2019-08-16T10:16:28","guid":{"rendered":"https:\/\/de.tilta.com\/shop\/sony-venedig-rialto-rucksack\/"},"modified":"2025-12-05T12:28:21","modified_gmt":"2025-12-05T11:28:21","slug":"sony-venice-rialto-backpack-v","status":"publish","type":"product","link":"https:\/\/eu.tilta.com\/de\/shop\/sony-venice-rialto-backpack-v\/","title":{"rendered":"Sony Venedig Rialto Rucksack"},"content":{"rendered":"<p>Der Sony Venice Rialto Rucksack verf\u00fcgt \u00fcber einen Schwalbenschwanz und eine kleine Grundplatte, auf der das Rialto Kamerageh\u00e4use befestigt werden kann. In Verbindung mit dem K\u00e4fig des Sensorblocks bietet er Ihnen eine bequeme, ergonomische M\u00f6glichkeit, Ihre gesamte Rialto-Kameraausr\u00fcstung zu bedienen und zu transportieren. Am Rucksack ist auch eine Akkuplatte (erh\u00e4ltlich in Gold- oder V-Mount) angebracht, falls Sie zus\u00e4tzliche Energie f\u00fcr Ihr Setup ben\u00f6tigen.<\/p>\n<h1 class=\"product_title entry-title\"><\/h1>\n","protected":false},"excerpt":{"rendered":"<p>Der Sony Venice Rialto Rucksack verf\u00fcgt \u00fcber einen Schwalbenschwanz und eine kleine Grundplatte, auf der das Rialto Kamerageh\u00e4use befestigt werden kann. In Verbindung mit dem K\u00e4fig des Sensorblocks bietet er Ihnen eine bequeme, ergonomische M\u00f6glichkeit, Ihre gesamte Rialto-Kameraausr\u00fcstung zu bedienen [&hellip;]<\/p>\n","protected":false},"featured_media":1960202,"comment_status":"closed","ping_status":"closed","template":"","meta":[],"product_cat":[1133],"product_tag":[],"acf":[],"gallery_images":[1960203],"_links":{"self":[{"href":"https:\/\/eu.tilta.com\/de\/wp-json\/wp\/v2\/product\/1976301"}],"collection":[{"href":"https:\/\/eu.tilta.com\/de\/wp-json\/wp\/v2\/product"}],"about":[{"href":"https:\/\/eu.tilta.com\/de\/wp-json\/wp\/v2\/types\/product"}],"replies":[{"embeddable":true,"href":"https:\/\/eu.tilta.com\/de\/wp-json\/wp\/v2\/comments?post=1976301"}],"wp:featuredmedia":[{"embeddable":true,"href":"https:\/\/eu.tilta.com\/de\/wp-json\/wp\/v2\/media\/1960202"}],"wp:attachment":[{"href":"https:\/\/eu.tilta.com\/de\/wp-json\/wp\/v2\/media?parent=1976301"}],"wp:term":[{"taxonomy":"product_cat","embeddable":true,"href":"https:\/\/eu.tilta.com\/de\/wp-json\/wp\/v2\/product_cat?post=1976301"},{"taxonomy":"product_tag","embeddable":true,"href":"https:\/\/eu.tilta.com\/de\/wp-json\/wp\/v2\/product_tag?post=1976301"}],"curies":[{"name":"wp","href":"https:\/\/api.w.org\/{rel}","templated":true}]}}