{"id":1976302,"date":"2019-08-16T12:02:22","date_gmt":"2019-08-16T10:02:22","guid":{"rendered":"https:\/\/de.tilta.com\/shop\/kamerakaefig-und-rucksacksystem-fuer-sony-venice-rialto\/"},"modified":"2025-12-05T13:46:49","modified_gmt":"2025-12-05T12:46:49","slug":"sony-venice-rialto-camera-cage-and-backpack-system","status":"publish","type":"product","link":"https:\/\/eu.tilta.com\/de\/shop\/sony-venice-rialto-camera-cage-and-backpack-system\/","title":{"rendered":"Kamerak\u00e4fig und Rucksacksystem f\u00fcr Sony Venice Rialto"},"content":{"rendered":"<p>Bewaffnen Sie Ihre Kamera mit diesem Tilta Kamerak\u00e4fig, der speziell f\u00fcr die Sony Venice Rialto entwickelt wurde.<\/p>\n<p>Es bietet eine hochwertige, CNC-gefr\u00e4ste Schutzh\u00fclle aus Aluminium f\u00fcr den Sensorblock der Kamera, die \u00fcber mehrere \u00bc&#8221;-20 und \u215c&#8221;-16 Befestigungspunkte f\u00fcr die Anbringung von Zubeh\u00f6r verf\u00fcgt.<\/p>\n<p>An der R\u00fcckseite des Sensorblocks kann eine Batterieplatte angebracht werden, die entweder in Gold- oder V-Form erh\u00e4ltlich ist.<\/p>\n<p>Der Strom wird dann an einen 3-poligen Fischer- und einen 2-poligen Lemo-Anschluss an der Vorderseite des K\u00e4figs weitergeleitet, \u00fcber die Sie Zubeh\u00f6r mit Strom versorgen k\u00f6nnen.<\/p>\n<p>Das mitgelieferte 3-polige Fischer-Kabel sendet die Kommunikation vom 3-poligen Kommunikationsanschluss der Kamera an einen 3-poligen Fischer-Anschluss auf der R\u00fcckseite des K\u00e4figs, der dann die R\/S-Funktionalit\u00e4t an einen 3-poligen R\/S-Anschluss auf der Vorderseite des K\u00e4figs sendet.<\/p>\n<p>Hinweis: Dieser R\/S-Anschluss kann nur Laufstopps senden und kann kein Zubeh\u00f6r mit Strom versorgen.<\/p>\n<p>Im Lieferumfang sind zwei Verl\u00e4ngerungsarme und Holzgriffe enthalten, mit denen Sie die beiden Arri-Standardrosetten an den Seiten des K\u00e4figs befestigen k\u00f6nnen, so dass Sie bequem arbeiten k\u00f6nnen.<\/p>\n<p>Zum Lieferumfang geh\u00f6rt auch ein Rucksack mit Schwalbenschwanz und einer kleinen Grundplatte, auf der Sie das Kamerageh\u00e4use befestigen k\u00f6nnen. So k\u00f6nnen Sie Ihr gesamtes Rialto-Kamera-Setup bequem und ergonomisch bedienen und transportieren.<\/p>\n<p>Am Rucksack ist au\u00dferdem eine Akkuplatte angebracht, die entweder in Gold- oder V-Mount-Ausf\u00fchrung erh\u00e4ltlich ist, falls Sie zus\u00e4tzliche Energie ben\u00f6tigen.<\/p>\n","protected":false},"excerpt":{"rendered":"<p>Bewaffnen Sie Ihre Kamera mit diesem Tilta Kamerak\u00e4fig, der speziell f\u00fcr die Sony Venice Rialto entwickelt wurde. Es bietet eine hochwertige, CNC-gefr\u00e4ste Schutzh\u00fclle aus Aluminium f\u00fcr den Sensorblock der Kamera, die \u00fcber mehrere \u00bc&#8221;-20 und \u215c&#8221;-16 Befestigungspunkte f\u00fcr die Anbringung [&hellip;]<\/p>\n","protected":false},"featured_media":1960140,"comment_status":"closed","ping_status":"closed","template":"","meta":[],"product_cat":[1133],"product_tag":[],"acf":[],"gallery_images":[1960141,1960142,1960143,1960144],"_links":{"self":[{"href":"https:\/\/eu.tilta.com\/de\/wp-json\/wp\/v2\/product\/1976302"}],"collection":[{"href":"https:\/\/eu.tilta.com\/de\/wp-json\/wp\/v2\/product"}],"about":[{"href":"https:\/\/eu.tilta.com\/de\/wp-json\/wp\/v2\/types\/product"}],"replies":[{"embeddable":true,"href":"https:\/\/eu.tilta.com\/de\/wp-json\/wp\/v2\/comments?post=1976302"}],"wp:featuredmedia":[{"embeddable":true,"href":"https:\/\/eu.tilta.com\/de\/wp-json\/wp\/v2\/media\/1960140"}],"wp:attachment":[{"href":"https:\/\/eu.tilta.com\/de\/wp-json\/wp\/v2\/media?parent=1976302"}],"wp:term":[{"taxonomy":"product_cat","embeddable":true,"href":"https:\/\/eu.tilta.com\/de\/wp-json\/wp\/v2\/product_cat?post=1976302"},{"taxonomy":"product_tag","embeddable":true,"href":"https:\/\/eu.tilta.com\/de\/wp-json\/wp\/v2\/product_tag?post=1976302"}],"curies":[{"name":"wp","href":"https:\/\/api.w.org\/{rel}","templated":true}]}}