{"id":1976303,"date":"2019-08-26T17:31:54","date_gmt":"2019-08-26T15:31:54","guid":{"rendered":"https:\/\/de.tilta.com\/shop\/untere-platte-fuer-sony-a7-a7s\/"},"modified":"2026-02-11T06:56:35","modified_gmt":"2026-02-11T05:56:35","slug":"bottom-plate-for-sony-a7-a7s","status":"publish","type":"product","link":"https:\/\/eu.tilta.com\/de\/shop\/bottom-plate-for-sony-a7-a7s\/","title":{"rendered":"Untere Platte f\u00fcr Sony a7\/a7S"},"content":{"rendered":"<p>Diese schwalbenschwanzf\u00f6rmige Platte wird an der Unterseite des Tiltaing-Kamerak\u00e4figs der Sony a7\/a9-Serie befestigt, um die korrekte Platzierung der Befestigungsl\u00f6cher und eine H\u00f6he von 15 mm zwischen Stativ und Objektiv f\u00fcr die Sony a7\/a7S-Kameras zu gew\u00e4hrleisten.<\/p>\n","protected":false},"excerpt":{"rendered":"<p>Diese schwalbenschwanzf\u00f6rmige Platte wird an der Unterseite des Tiltaing-Kamerak\u00e4figs der Sony a7\/a9-Serie befestigt, um die korrekte Platzierung der Befestigungsl\u00f6cher und eine H\u00f6he von 15 mm zwischen Stativ und Objektiv f\u00fcr die Sony a7\/a7S-Kameras zu gew\u00e4hrleisten.<\/p>\n","protected":false},"featured_media":1960227,"comment_status":"closed","ping_status":"closed","template":"","meta":[],"product_cat":[1130],"product_tag":[],"acf":[],"gallery_images":[44339],"_links":{"self":[{"href":"https:\/\/eu.tilta.com\/de\/wp-json\/wp\/v2\/product\/1976303"}],"collection":[{"href":"https:\/\/eu.tilta.com\/de\/wp-json\/wp\/v2\/product"}],"about":[{"href":"https:\/\/eu.tilta.com\/de\/wp-json\/wp\/v2\/types\/product"}],"replies":[{"embeddable":true,"href":"https:\/\/eu.tilta.com\/de\/wp-json\/wp\/v2\/comments?post=1976303"}],"wp:featuredmedia":[{"embeddable":true,"href":"https:\/\/eu.tilta.com\/de\/wp-json\/wp\/v2\/media\/1960227"}],"wp:attachment":[{"href":"https:\/\/eu.tilta.com\/de\/wp-json\/wp\/v2\/media?parent=1976303"}],"wp:term":[{"taxonomy":"product_cat","embeddable":true,"href":"https:\/\/eu.tilta.com\/de\/wp-json\/wp\/v2\/product_cat?post=1976303"},{"taxonomy":"product_tag","embeddable":true,"href":"https:\/\/eu.tilta.com\/de\/wp-json\/wp\/v2\/product_tag?post=1976303"}],"curies":[{"name":"wp","href":"https:\/\/api.w.org\/{rel}","templated":true}]}}