{"id":1976313,"date":"2019-04-29T13:24:48","date_gmt":"2019-04-29T11:24:48","guid":{"rendered":"https:\/\/de.tilta.com\/shop\/rechte-seite-flagge-fuer-mb-t06\/"},"modified":"2026-02-11T06:56:11","modified_gmt":"2026-02-11T05:56:11","slug":"right-side-flag-for-mb-t03-mb-t04-mb-t06-part-only","status":"publish","type":"product","link":"https:\/\/eu.tilta.com\/de\/shop\/right-side-flag-for-mb-t03-mb-t04-mb-t06-part-only\/","title":{"rendered":"Rechte Seite Flagge f\u00fcr MB-T06"},"content":{"rendered":"<p>Diese Fahne f\u00fcr die rechte Seite des MB-T06 bietet Schutz f\u00fcr die rechte Seite Ihrer Matte Box.<\/p>\n","protected":false},"excerpt":{"rendered":"<p>Diese Fahne f\u00fcr die rechte Seite des MB-T06 bietet Schutz f\u00fcr die rechte Seite Ihrer Matte Box.<\/p>\n","protected":false},"featured_media":1959933,"comment_status":"closed","ping_status":"closed","template":"","meta":[],"product_cat":[1171,1352,1187],"product_tag":[],"acf":[],"gallery_images":[],"_links":{"self":[{"href":"https:\/\/eu.tilta.com\/de\/wp-json\/wp\/v2\/product\/1976313"}],"collection":[{"href":"https:\/\/eu.tilta.com\/de\/wp-json\/wp\/v2\/product"}],"about":[{"href":"https:\/\/eu.tilta.com\/de\/wp-json\/wp\/v2\/types\/product"}],"replies":[{"embeddable":true,"href":"https:\/\/eu.tilta.com\/de\/wp-json\/wp\/v2\/comments?post=1976313"}],"wp:featuredmedia":[{"embeddable":true,"href":"https:\/\/eu.tilta.com\/de\/wp-json\/wp\/v2\/media\/1959933"}],"wp:attachment":[{"href":"https:\/\/eu.tilta.com\/de\/wp-json\/wp\/v2\/media?parent=1976313"}],"wp:term":[{"taxonomy":"product_cat","embeddable":true,"href":"https:\/\/eu.tilta.com\/de\/wp-json\/wp\/v2\/product_cat?post=1976313"},{"taxonomy":"product_tag","embeddable":true,"href":"https:\/\/eu.tilta.com\/de\/wp-json\/wp\/v2\/product_tag?post=1976313"}],"curies":[{"name":"wp","href":"https:\/\/api.w.org\/{rel}","templated":true}]}}