{"id":1976317,"date":"2019-04-24T15:50:45","date_gmt":"2019-04-24T13:50:45","guid":{"rendered":"https:\/\/de.tilta.com\/shop\/follow-focus-getriebe-fuer-ff-t05-6mm-0-5m-78-zahn\/"},"modified":"2026-02-16T09:00:24","modified_gmt":"2026-02-16T08:00:24","slug":"lens-follow-focus-gear-for-ff-t05-6mm-05mm-78-tooth","status":"publish","type":"product","link":"https:\/\/eu.tilta.com\/de\/shop\/lens-follow-focus-gear-for-ff-t05-6mm-05mm-78-tooth\/","title":{"rendered":"Follow Focus Getriebe f\u00fcr FF-T05 &#8211; 6mm 0.5m 78-Zahn"},"content":{"rendered":"<p>Dieses Follow Focus-Zubeh\u00f6r ist f\u00fcr den FF-T05 Single-sided Cine Follow Focus. Es bietet eine 0,5-m-Teilung f\u00fcr Objektive, die diese Zahnradgr\u00f6\u00dfe verwenden.<\/p>\n","protected":false},"excerpt":{"rendered":"<p>Dieses Follow Focus-Zubeh\u00f6r ist f\u00fcr den FF-T05 Single-sided Cine Follow Focus. Es bietet eine 0,5-m-Teilung f\u00fcr Objektive, die diese Zahnradgr\u00f6\u00dfe verwenden.<\/p>\n","protected":false},"featured_media":1959910,"comment_status":"closed","ping_status":"closed","template":"","meta":[],"product_cat":[4448,1350],"product_tag":[],"acf":[],"gallery_images":[],"_links":{"self":[{"href":"https:\/\/eu.tilta.com\/de\/wp-json\/wp\/v2\/product\/1976317"}],"collection":[{"href":"https:\/\/eu.tilta.com\/de\/wp-json\/wp\/v2\/product"}],"about":[{"href":"https:\/\/eu.tilta.com\/de\/wp-json\/wp\/v2\/types\/product"}],"replies":[{"embeddable":true,"href":"https:\/\/eu.tilta.com\/de\/wp-json\/wp\/v2\/comments?post=1976317"}],"wp:featuredmedia":[{"embeddable":true,"href":"https:\/\/eu.tilta.com\/de\/wp-json\/wp\/v2\/media\/1959910"}],"wp:attachment":[{"href":"https:\/\/eu.tilta.com\/de\/wp-json\/wp\/v2\/media?parent=1976317"}],"wp:term":[{"taxonomy":"product_cat","embeddable":true,"href":"https:\/\/eu.tilta.com\/de\/wp-json\/wp\/v2\/product_cat?post=1976317"},{"taxonomy":"product_tag","embeddable":true,"href":"https:\/\/eu.tilta.com\/de\/wp-json\/wp\/v2\/product_tag?post=1976317"}],"curies":[{"name":"wp","href":"https:\/\/api.w.org\/{rel}","templated":true}]}}