{"id":1976319,"date":"2019-04-24T15:56:16","date_gmt":"2019-04-24T13:56:16","guid":{"rendered":"https:\/\/de.tilta.com\/shop\/follow-focus-getriebe-fuer-ff-t05-6mm-0-8mm-64-zahn\/"},"modified":"2026-05-07T15:22:39","modified_gmt":"2026-05-07T13:22:39","slug":"lens-follow-focus-gear-for-ff-t05-6mm-08mm-64-tooth","status":"publish","type":"product","link":"https:\/\/eu.tilta.com\/de\/shop\/lens-follow-focus-gear-for-ff-t05-6mm-08mm-64-tooth\/","title":{"rendered":"Follow Focus Getriebe f\u00fcr FF-T05 &#8211; 6mm 0.8mm 64-Zahn"},"content":{"rendered":"<p>Dieses Follow Focus-Zubeh\u00f6r ist f\u00fcr den FF-T05 Single-sided Cine Follow Focus. Es bietet den Kinostandard 0,8 m Abstand f\u00fcr die meisten auf dem Markt befindlichen Kinoobjektive.<\/p>\n","protected":false},"excerpt":{"rendered":"<p>Dieses Follow Focus-Zubeh\u00f6r ist f\u00fcr den FF-T05 Single-sided Cine Follow Focus. Es bietet den Kinostandard 0,8 m Abstand f\u00fcr die meisten auf dem Markt befindlichen Kinoobjektive.<\/p>\n","protected":false},"featured_media":1959912,"comment_status":"closed","ping_status":"closed","template":"","meta":[],"product_cat":[1350],"product_tag":[],"acf":[],"gallery_images":[],"_links":{"self":[{"href":"https:\/\/eu.tilta.com\/de\/wp-json\/wp\/v2\/product\/1976319"}],"collection":[{"href":"https:\/\/eu.tilta.com\/de\/wp-json\/wp\/v2\/product"}],"about":[{"href":"https:\/\/eu.tilta.com\/de\/wp-json\/wp\/v2\/types\/product"}],"replies":[{"embeddable":true,"href":"https:\/\/eu.tilta.com\/de\/wp-json\/wp\/v2\/comments?post=1976319"}],"wp:featuredmedia":[{"embeddable":true,"href":"https:\/\/eu.tilta.com\/de\/wp-json\/wp\/v2\/media\/1959912"}],"wp:attachment":[{"href":"https:\/\/eu.tilta.com\/de\/wp-json\/wp\/v2\/media?parent=1976319"}],"wp:term":[{"taxonomy":"product_cat","embeddable":true,"href":"https:\/\/eu.tilta.com\/de\/wp-json\/wp\/v2\/product_cat?post=1976319"},{"taxonomy":"product_tag","embeddable":true,"href":"https:\/\/eu.tilta.com\/de\/wp-json\/wp\/v2\/product_tag?post=1976319"}],"curies":[{"name":"wp","href":"https:\/\/api.w.org\/{rel}","templated":true}]}}