{"id":1976325,"date":"2019-03-05T11:32:42","date_gmt":"2019-03-05T10:32:42","guid":{"rendered":"https:\/\/de.tilta.com\/shop\/4x5-65-filtereinsatz-fuer-mb-t04\/"},"modified":"2025-12-05T12:28:04","modified_gmt":"2025-12-05T11:28:04","slug":"4x4-56-filter-tray-for-mb-t04","status":"publish","type":"product","link":"https:\/\/eu.tilta.com\/de\/shop\/4x4-56-filter-tray-for-mb-t04\/","title":{"rendered":"4&#215;5.65 Filtereinsatz f\u00fcr MB-T04"},"content":{"rendered":"<p>Diese 4\u00d75,65 Filterablage wurde speziell f\u00fcr die MB-T04 Carbon Fiber Swing-away Matte Box entwickelt.<\/p>\n","protected":false},"excerpt":{"rendered":"<p>Diese 4\u00d75,65 Filterablage wurde speziell f\u00fcr die MB-T04 Carbon Fiber Swing-away Matte Box entwickelt.<\/p>\n","protected":false},"featured_media":1959876,"comment_status":"closed","ping_status":"closed","template":"","meta":[],"product_cat":[1171],"product_tag":[],"acf":[],"gallery_images":[],"_links":{"self":[{"href":"https:\/\/eu.tilta.com\/de\/wp-json\/wp\/v2\/product\/1976325"}],"collection":[{"href":"https:\/\/eu.tilta.com\/de\/wp-json\/wp\/v2\/product"}],"about":[{"href":"https:\/\/eu.tilta.com\/de\/wp-json\/wp\/v2\/types\/product"}],"replies":[{"embeddable":true,"href":"https:\/\/eu.tilta.com\/de\/wp-json\/wp\/v2\/comments?post=1976325"}],"wp:featuredmedia":[{"embeddable":true,"href":"https:\/\/eu.tilta.com\/de\/wp-json\/wp\/v2\/media\/1959876"}],"wp:attachment":[{"href":"https:\/\/eu.tilta.com\/de\/wp-json\/wp\/v2\/media?parent=1976325"}],"wp:term":[{"taxonomy":"product_cat","embeddable":true,"href":"https:\/\/eu.tilta.com\/de\/wp-json\/wp\/v2\/product_cat?post=1976325"},{"taxonomy":"product_tag","embeddable":true,"href":"https:\/\/eu.tilta.com\/de\/wp-json\/wp\/v2\/product_tag?post=1976325"}],"curies":[{"name":"wp","href":"https:\/\/api.w.org\/{rel}","templated":true}]}}