{"id":1976328,"date":"2019-02-13T12:13:48","date_gmt":"2019-02-13T11:13:48","guid":{"rendered":"https:\/\/de.tilta.com\/shop\/canon-lp-e6-dummy-akku-zu-p-tap-kabel\/"},"modified":"2026-05-07T15:21:53","modified_gmt":"2026-05-07T13:21:53","slug":"canon-lp-e6-dummy-battery-to-p-tap-cable","status":"publish","type":"product","link":"https:\/\/eu.tilta.com\/de\/shop\/canon-lp-e6-dummy-battery-to-p-tap-cable\/","title":{"rendered":"Canon LP-E6 Dummy-Akku zu P-TAP Kabel"},"content":{"rendered":"<p>Dieses Canon LP-E6 Dummy-Akku-zu-P-Tap-Kabel wurde f\u00fcr die Verwendung mit (wenn auch nicht ausschlie\u00dflich) der Tilta Universal Battery Plate entwickelt. Damit k\u00f6nnen Sie Kameras, die mit Canon LP-E6-Akkus betrieben werden, sowie strombetriebenes Canon LP-E6-Zubeh\u00f6r \u00fcber einen P-Tap-Stromanschluss mit Strom versorgen.<\/p>\n","protected":false},"excerpt":{"rendered":"<p>Dieses Canon LP-E6 Dummy-Akku-zu-P-Tap-Kabel wurde f\u00fcr die Verwendung mit (wenn auch nicht ausschlie\u00dflich) der Tilta Universal Battery Plate entwickelt. Damit k\u00f6nnen Sie Kameras, die mit Canon LP-E6-Akkus betrieben werden, sowie strombetriebenes Canon LP-E6-Zubeh\u00f6r \u00fcber einen P-Tap-Stromanschluss mit Strom versorgen.<\/p>\n","protected":false},"featured_media":1959801,"comment_status":"closed","ping_status":"closed","template":"","meta":[],"product_cat":[1316,1315,1265],"product_tag":[],"acf":[],"gallery_images":[1967748],"_links":{"self":[{"href":"https:\/\/eu.tilta.com\/de\/wp-json\/wp\/v2\/product\/1976328"}],"collection":[{"href":"https:\/\/eu.tilta.com\/de\/wp-json\/wp\/v2\/product"}],"about":[{"href":"https:\/\/eu.tilta.com\/de\/wp-json\/wp\/v2\/types\/product"}],"replies":[{"embeddable":true,"href":"https:\/\/eu.tilta.com\/de\/wp-json\/wp\/v2\/comments?post=1976328"}],"wp:featuredmedia":[{"embeddable":true,"href":"https:\/\/eu.tilta.com\/de\/wp-json\/wp\/v2\/media\/1959801"}],"wp:attachment":[{"href":"https:\/\/eu.tilta.com\/de\/wp-json\/wp\/v2\/media?parent=1976328"}],"wp:term":[{"taxonomy":"product_cat","embeddable":true,"href":"https:\/\/eu.tilta.com\/de\/wp-json\/wp\/v2\/product_cat?post=1976328"},{"taxonomy":"product_tag","embeddable":true,"href":"https:\/\/eu.tilta.com\/de\/wp-json\/wp\/v2\/product_tag?post=1976328"}],"curies":[{"name":"wp","href":"https:\/\/api.w.org\/{rel}","templated":true}]}}