{"id":1976330,"date":"2019-02-28T12:47:29","date_gmt":"2019-02-28T11:47:29","guid":{"rendered":"https:\/\/de.tilta.com\/shop\/flaggensatz-fuer-mb-t04\/"},"modified":"2025-12-05T12:28:06","modified_gmt":"2025-12-05T11:28:06","slug":"flag-set-for-mb-t04","status":"publish","type":"product","link":"https:\/\/eu.tilta.com\/de\/shop\/flag-set-for-mb-t04\/","title":{"rendered":"Flaggensatz f\u00fcr MB-T04"},"content":{"rendered":"<p>Dieses Flaggenset f\u00fcr die MB-T04 4\u00d75,65 Kohlefaser-Mattebox enth\u00e4lt eine obere Flagge und Flaggen f\u00fcr die linke und rechte Seite der Mattebox, um Lichtreflexe abzudecken.<\/p>\n","protected":false},"excerpt":{"rendered":"<p>Dieses Flaggenset f\u00fcr die MB-T04 4\u00d75,65 Kohlefaser-Mattebox enth\u00e4lt eine obere Flagge und Flaggen f\u00fcr die linke und rechte Seite der Mattebox, um Lichtreflexe abzudecken.<\/p>\n","protected":false},"featured_media":1959863,"comment_status":"closed","ping_status":"closed","template":"","meta":[],"product_cat":[1171],"product_tag":[],"acf":[],"gallery_images":[],"_links":{"self":[{"href":"https:\/\/eu.tilta.com\/de\/wp-json\/wp\/v2\/product\/1976330"}],"collection":[{"href":"https:\/\/eu.tilta.com\/de\/wp-json\/wp\/v2\/product"}],"about":[{"href":"https:\/\/eu.tilta.com\/de\/wp-json\/wp\/v2\/types\/product"}],"replies":[{"embeddable":true,"href":"https:\/\/eu.tilta.com\/de\/wp-json\/wp\/v2\/comments?post=1976330"}],"wp:featuredmedia":[{"embeddable":true,"href":"https:\/\/eu.tilta.com\/de\/wp-json\/wp\/v2\/media\/1959863"}],"wp:attachment":[{"href":"https:\/\/eu.tilta.com\/de\/wp-json\/wp\/v2\/media?parent=1976330"}],"wp:term":[{"taxonomy":"product_cat","embeddable":true,"href":"https:\/\/eu.tilta.com\/de\/wp-json\/wp\/v2\/product_cat?post=1976330"},{"taxonomy":"product_tag","embeddable":true,"href":"https:\/\/eu.tilta.com\/de\/wp-json\/wp\/v2\/product_tag?post=1976330"}],"curies":[{"name":"wp","href":"https:\/\/api.w.org\/{rel}","templated":true}]}}