{"id":1976331,"date":"2019-02-13T12:16:33","date_gmt":"2019-02-13T11:16:33","guid":{"rendered":"https:\/\/de.tilta.com\/shop\/canon-lp-e6-dummy-akku-auf-3-poliges-fischer-kabel\/"},"modified":"2026-02-16T09:00:25","modified_gmt":"2026-02-16T08:00:25","slug":"canon-lp-e6-dummy-battery-to-3-pin-fischer-cable","status":"publish","type":"product","link":"https:\/\/eu.tilta.com\/de\/shop\/canon-lp-e6-dummy-battery-to-3-pin-fischer-cable\/","title":{"rendered":"Canon LP-E6 Dummy-Akku auf 3-poliges Fischer-Kabel"},"content":{"rendered":"<p>Dieses Canon LP-E6 Dummy-Akku-auf-3-Pin-Fischer-Kabel wurde f\u00fcr die Verwendung mit (wenn auch nicht ausschlie\u00dflich) der Tilta Universal Battery Plate entwickelt. Damit k\u00f6nnen Sie Kameras, die mit Canon LP-E6 Akkus betrieben werden, sowie Canon LP-E6 strombetriebenes Zubeh\u00f6r \u00fcber einen 3-poligen Fischer-Stromanschluss mit Strom versorgen.<\/p>\n","protected":false},"excerpt":{"rendered":"<p>Dieses Canon LP-E6 Dummy-Akku-auf-3-Pin-Fischer-Kabel wurde f\u00fcr die Verwendung mit (wenn auch nicht ausschlie\u00dflich) der Tilta Universal Battery Plate entwickelt. Damit k\u00f6nnen Sie Kameras, die mit Canon LP-E6 Akkus betrieben werden, sowie Canon LP-E6 strombetriebenes Zubeh\u00f6r \u00fcber einen 3-poligen Fischer-Stromanschluss mit [&hellip;]<\/p>\n","protected":false},"featured_media":1959802,"comment_status":"closed","ping_status":"closed","template":"","meta":[],"product_cat":[1047,4448,1265],"product_tag":[],"acf":[],"gallery_images":[],"_links":{"self":[{"href":"https:\/\/eu.tilta.com\/de\/wp-json\/wp\/v2\/product\/1976331"}],"collection":[{"href":"https:\/\/eu.tilta.com\/de\/wp-json\/wp\/v2\/product"}],"about":[{"href":"https:\/\/eu.tilta.com\/de\/wp-json\/wp\/v2\/types\/product"}],"replies":[{"embeddable":true,"href":"https:\/\/eu.tilta.com\/de\/wp-json\/wp\/v2\/comments?post=1976331"}],"wp:featuredmedia":[{"embeddable":true,"href":"https:\/\/eu.tilta.com\/de\/wp-json\/wp\/v2\/media\/1959802"}],"wp:attachment":[{"href":"https:\/\/eu.tilta.com\/de\/wp-json\/wp\/v2\/media?parent=1976331"}],"wp:term":[{"taxonomy":"product_cat","embeddable":true,"href":"https:\/\/eu.tilta.com\/de\/wp-json\/wp\/v2\/product_cat?post=1976331"},{"taxonomy":"product_tag","embeddable":true,"href":"https:\/\/eu.tilta.com\/de\/wp-json\/wp\/v2\/product_tag?post=1976331"}],"curies":[{"name":"wp","href":"https:\/\/api.w.org\/{rel}","templated":true}]}}