{"id":1976336,"date":"2019-02-13T12:10:53","date_gmt":"2019-02-13T11:10:53","guid":{"rendered":"https:\/\/de.tilta.com\/shop\/sony-a9-serie-dummy-akku-zu-ptap-kabel\/"},"modified":"2026-02-19T12:33:42","modified_gmt":"2026-02-19T11:33:42","slug":"sony-a9-series-dummy-battery-to-ptap-cable","status":"publish","type":"product","link":"https:\/\/eu.tilta.com\/de\/shop\/sony-a9-series-dummy-battery-to-ptap-cable\/","title":{"rendered":"Sony A9 Serie Dummy Akku zu PTAP Kabel"},"content":{"rendered":"<p>Mit diesem Sony NP-FZ100 Dummy-Akku auf PTAP-Steckerkabel k\u00f6nnen Sie die Sony a9 und a7R III Kameras sowie Sony NP-FZ100 strombetriebenes Zubeh\u00f6r \u00fcber ein PTAP-Steckerkabel mit Strom versorgen.<\/p>\n","protected":false},"excerpt":{"rendered":"<p>Mit diesem Sony NP-FZ100 Dummy-Akku auf PTAP-Steckerkabel k\u00f6nnen Sie die Sony a9 und a7R III Kameras sowie Sony NP-FZ100 strombetriebenes Zubeh\u00f6r \u00fcber ein PTAP-Steckerkabel mit Strom versorgen.<\/p>\n","protected":false},"featured_media":1959800,"comment_status":"closed","ping_status":"closed","template":"","meta":[],"product_cat":[1316,1315,1265],"product_tag":[],"acf":[],"gallery_images":[],"_links":{"self":[{"href":"https:\/\/eu.tilta.com\/de\/wp-json\/wp\/v2\/product\/1976336"}],"collection":[{"href":"https:\/\/eu.tilta.com\/de\/wp-json\/wp\/v2\/product"}],"about":[{"href":"https:\/\/eu.tilta.com\/de\/wp-json\/wp\/v2\/types\/product"}],"replies":[{"embeddable":true,"href":"https:\/\/eu.tilta.com\/de\/wp-json\/wp\/v2\/comments?post=1976336"}],"wp:featuredmedia":[{"embeddable":true,"href":"https:\/\/eu.tilta.com\/de\/wp-json\/wp\/v2\/media\/1959800"}],"wp:attachment":[{"href":"https:\/\/eu.tilta.com\/de\/wp-json\/wp\/v2\/media?parent=1976336"}],"wp:term":[{"taxonomy":"product_cat","embeddable":true,"href":"https:\/\/eu.tilta.com\/de\/wp-json\/wp\/v2\/product_cat?post=1976336"},{"taxonomy":"product_tag","embeddable":true,"href":"https:\/\/eu.tilta.com\/de\/wp-json\/wp\/v2\/product_tag?post=1976336"}],"curies":[{"name":"wp","href":"https:\/\/api.w.org\/{rel}","templated":true}]}}