{"id":1976337,"date":"2019-02-18T11:00:52","date_gmt":"2019-02-18T10:00:52","guid":{"rendered":"https:\/\/de.tilta.com\/shop\/p-tap-auf-5-0-3-0mm-dc-stecker-kabel-fuer-sony-fs7-und-fs5\/"},"modified":"2025-12-05T12:28:09","modified_gmt":"2025-12-05T11:28:09","slug":"p-tap-to-5-5-3-0mm-dc-male-cable-for-sony-fs5-fs7-panasonic-eva1-canon-c100-c100-mk-ii-c300-and-c500","status":"publish","type":"product","link":"https:\/\/eu.tilta.com\/de\/shop\/p-tap-to-5-5-3-0mm-dc-male-cable-for-sony-fs5-fs7-panasonic-eva1-canon-c100-c100-mk-ii-c300-and-c500\/","title":{"rendered":"P-TAP auf 5.0\/3.0mm DC Stecker Kabel f\u00fcr Sony FS7 und FS5"},"content":{"rendered":"<p>Dieses P-Tap-Netzkabel mit 5,0\/3,0 mm DC-Stecker wurde f\u00fcr die Verwendung mit (wenn auch nicht ausschlie\u00dflich) der Tilta Universal Battery Plate entwickelt. Sie erm\u00f6glicht es Ihnen, die Sony FS7 und FS5 \u00fcber einen P-Tap-Stromanschluss mit Strom zu versorgen.<\/p>\n","protected":false},"excerpt":{"rendered":"<p>Dieses P-Tap-Netzkabel mit 5,0\/3,0 mm DC-Stecker wurde f\u00fcr die Verwendung mit (wenn auch nicht ausschlie\u00dflich) der Tilta Universal Battery Plate entwickelt. Sie erm\u00f6glicht es Ihnen, die Sony FS7 und FS5 \u00fcber einen P-Tap-Stromanschluss mit Strom zu versorgen.<\/p>\n","protected":false},"featured_media":1959820,"comment_status":"closed","ping_status":"closed","template":"","meta":[],"product_cat":[1240],"product_tag":[],"acf":[],"gallery_images":[],"_links":{"self":[{"href":"https:\/\/eu.tilta.com\/de\/wp-json\/wp\/v2\/product\/1976337"}],"collection":[{"href":"https:\/\/eu.tilta.com\/de\/wp-json\/wp\/v2\/product"}],"about":[{"href":"https:\/\/eu.tilta.com\/de\/wp-json\/wp\/v2\/types\/product"}],"replies":[{"embeddable":true,"href":"https:\/\/eu.tilta.com\/de\/wp-json\/wp\/v2\/comments?post=1976337"}],"wp:featuredmedia":[{"embeddable":true,"href":"https:\/\/eu.tilta.com\/de\/wp-json\/wp\/v2\/media\/1959820"}],"wp:attachment":[{"href":"https:\/\/eu.tilta.com\/de\/wp-json\/wp\/v2\/media?parent=1976337"}],"wp:term":[{"taxonomy":"product_cat","embeddable":true,"href":"https:\/\/eu.tilta.com\/de\/wp-json\/wp\/v2\/product_cat?post=1976337"},{"taxonomy":"product_tag","embeddable":true,"href":"https:\/\/eu.tilta.com\/de\/wp-json\/wp\/v2\/product_tag?post=1976337"}],"curies":[{"name":"wp","href":"https:\/\/api.w.org\/{rel}","templated":true}]}}