{"id":1976339,"date":"2019-01-18T10:51:43","date_gmt":"2019-01-18T09:51:43","guid":{"rendered":"https:\/\/de.tilta.com\/shop\/p-tap-auf-5-5-2-1mm-dc-stecker-kabel\/"},"modified":"2025-12-05T12:28:09","modified_gmt":"2025-12-05T11:28:09","slug":"p-tap-to-5-5-2-1mm-dc-male-cable","status":"publish","type":"product","link":"https:\/\/eu.tilta.com\/de\/shop\/p-tap-to-5-5-2-1mm-dc-male-cable\/","title":{"rendered":"P-TAP auf 5.5\/2.1mm DC Stecker Kabel"},"content":{"rendered":"<p>Mit diesem P-Tap-Netzkabel mit 5,5 mm x 2,1 mm DC-Stecker k\u00f6nnen Sie Zubeh\u00f6r, das mit Gleichstrom betrieben wird, \u00fcber einen P-Tap-Netzanschluss an Ihrem Kamera-Rig mit Strom versorgen. So brauchen Sie keine zus\u00e4tzlichen Batterien f\u00fcr die Stromversorgung Ihres Zubeh\u00f6rs zu verwenden, sondern k\u00f6nnen stattdessen das Hauptnetzteil nutzen, das auch Ihre Kamera mit Strom versorgt, und so den kleinen Formfaktor Ihrer Kamera beibehalten.<\/p>\n","protected":false},"excerpt":{"rendered":"<p>Mit diesem P-Tap-Netzkabel mit 5,5 mm x 2,1 mm DC-Stecker k\u00f6nnen Sie Zubeh\u00f6r, das mit Gleichstrom betrieben wird, \u00fcber einen P-Tap-Netzanschluss an Ihrem Kamera-Rig mit Strom versorgen. So brauchen Sie keine zus\u00e4tzlichen Batterien f\u00fcr die Stromversorgung Ihres Zubeh\u00f6rs zu verwenden, [&hellip;]<\/p>\n","protected":false},"featured_media":1959710,"comment_status":"closed","ping_status":"closed","template":"","meta":[],"product_cat":[1240],"product_tag":[],"acf":[],"gallery_images":[1959711],"_links":{"self":[{"href":"https:\/\/eu.tilta.com\/de\/wp-json\/wp\/v2\/product\/1976339"}],"collection":[{"href":"https:\/\/eu.tilta.com\/de\/wp-json\/wp\/v2\/product"}],"about":[{"href":"https:\/\/eu.tilta.com\/de\/wp-json\/wp\/v2\/types\/product"}],"replies":[{"embeddable":true,"href":"https:\/\/eu.tilta.com\/de\/wp-json\/wp\/v2\/comments?post=1976339"}],"wp:featuredmedia":[{"embeddable":true,"href":"https:\/\/eu.tilta.com\/de\/wp-json\/wp\/v2\/media\/1959710"}],"wp:attachment":[{"href":"https:\/\/eu.tilta.com\/de\/wp-json\/wp\/v2\/media?parent=1976339"}],"wp:term":[{"taxonomy":"product_cat","embeddable":true,"href":"https:\/\/eu.tilta.com\/de\/wp-json\/wp\/v2\/product_cat?post=1976339"},{"taxonomy":"product_tag","embeddable":true,"href":"https:\/\/eu.tilta.com\/de\/wp-json\/wp\/v2\/product_tag?post=1976339"}],"curies":[{"name":"wp","href":"https:\/\/api.w.org\/{rel}","templated":true}]}}