{"id":1976340,"date":"2019-01-18T10:13:00","date_gmt":"2019-01-18T09:13:00","guid":{"rendered":"https:\/\/de.tilta.com\/shop\/p-tap-auf-3-pin-fischer-kabel\/"},"modified":"2025-12-05T12:28:09","modified_gmt":"2025-12-05T11:28:09","slug":"p-tap-to-3-pin-fischer-cable","status":"publish","type":"product","link":"https:\/\/eu.tilta.com\/de\/shop\/p-tap-to-3-pin-fischer-cable\/","title":{"rendered":"P-TAP auf 3-Pin Fischer Kabel"},"content":{"rendered":"<p>Mit diesem P-Tap-auf-3-Pin-Fischer-Stromkabel k\u00f6nnen Sie 3-Pin-Fischer-Zubeh\u00f6r \u00fcber einen P-Tap-Stromanschluss an Ihrem Kamera-Rig mit Strom versorgen. So brauchen Sie keine zus\u00e4tzlichen Batterien f\u00fcr die Stromversorgung Ihres Zubeh\u00f6rs zu verwenden, sondern k\u00f6nnen stattdessen das Hauptnetzteil nutzen, das auch Ihre Kamera mit Strom versorgt, und so den kleinen Formfaktor Ihrer Kamera beibehalten.<\/p>\n","protected":false},"excerpt":{"rendered":"<p>Mit diesem P-Tap-auf-3-Pin-Fischer-Stromkabel k\u00f6nnen Sie 3-Pin-Fischer-Zubeh\u00f6r \u00fcber einen P-Tap-Stromanschluss an Ihrem Kamera-Rig mit Strom versorgen. So brauchen Sie keine zus\u00e4tzlichen Batterien f\u00fcr die Stromversorgung Ihres Zubeh\u00f6rs zu verwenden, sondern k\u00f6nnen stattdessen das Hauptnetzteil nutzen, das auch Ihre Kamera mit Strom [&hellip;]<\/p>\n","protected":false},"featured_media":1959712,"comment_status":"closed","ping_status":"closed","template":"","meta":[],"product_cat":[1240],"product_tag":[],"acf":[],"gallery_images":[1959713],"_links":{"self":[{"href":"https:\/\/eu.tilta.com\/de\/wp-json\/wp\/v2\/product\/1976340"}],"collection":[{"href":"https:\/\/eu.tilta.com\/de\/wp-json\/wp\/v2\/product"}],"about":[{"href":"https:\/\/eu.tilta.com\/de\/wp-json\/wp\/v2\/types\/product"}],"replies":[{"embeddable":true,"href":"https:\/\/eu.tilta.com\/de\/wp-json\/wp\/v2\/comments?post=1976340"}],"wp:featuredmedia":[{"embeddable":true,"href":"https:\/\/eu.tilta.com\/de\/wp-json\/wp\/v2\/media\/1959712"}],"wp:attachment":[{"href":"https:\/\/eu.tilta.com\/de\/wp-json\/wp\/v2\/media?parent=1976340"}],"wp:term":[{"taxonomy":"product_cat","embeddable":true,"href":"https:\/\/eu.tilta.com\/de\/wp-json\/wp\/v2\/product_cat?post=1976340"},{"taxonomy":"product_tag","embeddable":true,"href":"https:\/\/eu.tilta.com\/de\/wp-json\/wp\/v2\/product_tag?post=1976340"}],"curies":[{"name":"wp","href":"https:\/\/api.w.org\/{rel}","templated":true}]}}