{"id":1976343,"date":"2019-01-21T14:54:36","date_gmt":"2019-01-21T13:54:36","guid":{"rendered":"https:\/\/de.tilta.com\/shop\/15mm-lws-stabadapter-fuer-mb-t12-matte-box\/"},"modified":"2026-03-25T16:42:59","modified_gmt":"2026-03-25T15:42:59","slug":"15mm-lws-rod-adapter-for-mb-t12-matte-box","status":"publish","type":"product","link":"https:\/\/eu.tilta.com\/de\/shop\/15mm-lws-rod-adapter-for-mb-t12-matte-box\/","title":{"rendered":"15mm LWS Stabadapter f\u00fcr MB-T12 Matte Box"},"content":{"rendered":"<p>Mit diesem 15-mm-LWS-Stangenadapter k\u00f6nnen Sie Ihre MB-T12 4&#215;5,65 Carbon Fiber Matte Box (Clamp-on) an einem 15-mm-LWS-Stangensystem befestigen, um zus\u00e4tzliche Sicherheit bei der Montage der Matte Box zu erhalten.<\/p>\n<p>Im Lieferumfang der MB-T12 Matte Box enthalten.<\/p>\n","protected":false},"excerpt":{"rendered":"<p>Mit diesem 15-mm-LWS-Stangenadapter k\u00f6nnen Sie Ihre MB-T12 4&#215;5,65 Carbon Fiber Matte Box (Clamp-on) an einem 15-mm-LWS-Stangensystem befestigen, um zus\u00e4tzliche Sicherheit bei der Montage der Matte Box zu erhalten. Im Lieferumfang der MB-T12 Matte Box enthalten.<\/p>\n","protected":false},"featured_media":1965886,"comment_status":"closed","ping_status":"closed","template":"","meta":[],"product_cat":[4448,1174,1217,1065],"product_tag":[1172],"acf":[],"gallery_images":[],"_links":{"self":[{"href":"https:\/\/eu.tilta.com\/de\/wp-json\/wp\/v2\/product\/1976343"}],"collection":[{"href":"https:\/\/eu.tilta.com\/de\/wp-json\/wp\/v2\/product"}],"about":[{"href":"https:\/\/eu.tilta.com\/de\/wp-json\/wp\/v2\/types\/product"}],"replies":[{"embeddable":true,"href":"https:\/\/eu.tilta.com\/de\/wp-json\/wp\/v2\/comments?post=1976343"}],"wp:featuredmedia":[{"embeddable":true,"href":"https:\/\/eu.tilta.com\/de\/wp-json\/wp\/v2\/media\/1965886"}],"wp:attachment":[{"href":"https:\/\/eu.tilta.com\/de\/wp-json\/wp\/v2\/media?parent=1976343"}],"wp:term":[{"taxonomy":"product_cat","embeddable":true,"href":"https:\/\/eu.tilta.com\/de\/wp-json\/wp\/v2\/product_cat?post=1976343"},{"taxonomy":"product_tag","embeddable":true,"href":"https:\/\/eu.tilta.com\/de\/wp-json\/wp\/v2\/product_tag?post=1976343"}],"curies":[{"name":"wp","href":"https:\/\/api.w.org\/{rel}","templated":true}]}}