{"id":1976455,"date":"2023-11-14T20:55:20","date_gmt":"2023-11-14T19:55:20","guid":{"rendered":"https:\/\/de.tilta.com\/shop\/nucleus-nano-ii-wireless-lens-control-system\/"},"modified":"2025-12-05T12:28:47","modified_gmt":"2025-12-05T11:28:47","slug":"nucleus-nano-ii-wireless-lens-control-system","status":"publish","type":"product","link":"https:\/\/eu.tilta.com\/de\/shop\/nucleus-nano-ii-wireless-lens-control-system\/","title":{"rendered":"Nucleus Nano II Drahtloses Objektiv-Steuerungssystem"},"content":{"rendered":"<p><strong>HINWEIS: DAS HANDRAD DARF NICHT \u00dcBER P-TAP BETRIEBEN WERDEN<\/strong><\/p>\n<p><em>Das Nucleus Nano II &#8211; Wireless Lens Control System ist das ultimative Werkzeug f\u00fcr alle Filmemacher, die eine pr\u00e4zise Kontrolle \u00fcber ihre Objektive w\u00fcnschen.<\/em><\/p>\n<p>Mit dem neuen und verbesserten Handrad kann der Benutzer das Hauptwahlrad zum Einstellen der Sch\u00e4rfe verwenden, w\u00e4hrend die neue Steuerwippe m\u00fchelos Zoom- oder Blendenfunktionen \u00fcber eine ged\u00e4mpfte Wippe steuert, die sich perfekt zum Ein- und Ausblenden von Zooms eignet.<\/p>\n<p>Die Navigation durch das System war noch nie so einfach wie mit dem neuen runden 1,6-Zoll-Touchscreen-Display und der benutzerfreundlichen Oberfl\u00e4che, die schnellen Zugriff auf eine Reihe fortschrittlicher Funktionen bietet, einschlie\u00dflich spezieller Seiten f\u00fcr Objektivzuordnung und Kamerasteuerungsfunktionen.<\/p>\n<p>Mit dem Nano II k\u00f6nnen Benutzer die Kameraeinstellungen drahtlos \u00fcber WiFi, Bluetooth und den USB-C-Anschluss des Motors f\u00fcr kompatible Kamerasysteme wie Canon, Sony und Black Magic Design anpassen und bis zu vier Motoren f\u00fcr Fokus, Blende, Zoom und Mirage VND bedienen, wenn sie den mitgelieferten Steuergriff verwenden.<\/p>\n<p>Dieser Handgriff wird mit einem Akku der Sony L-Serie (F550\/570) betrieben und kann Strom an das Nucleus Nano II Handrad weiterleiten, um die Lebensdauer des Akkus zu verl\u00e4ngern. Au\u00dferdem verf\u00fcgt er \u00fcber ein Fokusrad auf der Vorderseite, mit dem sowohl die Motoren der Nucleus-Serie als auch der DJI-Fokusmotor \u00fcber den optionalen <a href=\"https:\/\/tilta.com\/shop\/wireless-control-receiver-module-for-rs-2\/\">Drahtlosen Empf\u00e4ngermodul<\/a> <strong>(nicht im Lieferumfang enthalten)<\/strong> gesteuert werden k\u00f6nnen. Dieser kann auch verwendet werden, um den DJI RS2 oder RS3 Pro kabellos zu betreiben.<\/p>\n<p>Der Griff verf\u00fcgt \u00fcber eine 1\/4&#8243;-20-Gewinde mit Aufnahmepunkten, die sich perfekt f\u00fcr die Montage unseres rechtwinkligen Rosettenadapters eignen, sowie \u00fcber einen Kaltschuh-Empf\u00e4nger, der mit unserer optionalen <a href=\"https:\/\/tilta.com\/shop\/tiltaing-adjustable-cold-shoe-accessory-mounting-bracket\/\">Cold Shoe Befestigung<\/a> verwendet werden kann, um in Verbindung mit dem Handrad eine perfekte Fokus-Ziehstation zu schaffen.<\/p>\n<p>Bitte beachten Sie, dass die aktuelle Firmware alle Steuerelemente f\u00fcr die BMPCC 4K, 6K, 6K Pro und teilweise Sony FX3, A7S3, A7R5, ZV-E1, ZV-E10 und Canon R7 f\u00fcr Einstellungen wie Run\/Stop, Verschlusszeit, ISO und Blende unterst\u00fctzt, w\u00e4hrend Run Stop derzeit f\u00fcr Kamerasysteme einschlie\u00dflich aller oben genannten sowie Sony A7C, A7M4, A7R3, Canon R6M1, Panasonic S1H, GH6 und S5M2 \u00fcber ein optionales <a href=\"https:\/\/tilta.com\/shop\/advanced-side-handle-run-stop-cable\/\">USB-C Run\/Stop Kabel<\/a> unterst\u00fctzt wird. Weitere Kamerasysteme werden in zuk\u00fcnftigen Firmware-Updates kompatibel gemacht werden.<\/p>\n<p>Der Lens-Mapping-Kontrollbildschirm bietet Informationen \u00fcber die Fokusentfernung in Echtzeit, so dass Sie \u00fcber jedes Bild informiert sind und die Kontrolle behalten, ohne eine Fokusscheibe markieren zu m\u00fcssen. Der interne Akku, der \u00fcber USB-C mit Strom versorgt wird, bietet je nach Nutzung bis zu 20 Stunden ununterbrochene Stromversorgung.  <strong>(noch nicht \u00fcber die aktuelle Firmware verf\u00fcgbar)<\/strong><\/p>\n<p>Ausgestattet mit einem Hochleistungsmotor liefert der Nano II das f\u00fcnffache Drehmoment seines Vorg\u00e4ngers und verf\u00fcgt \u00fcber praktische USB-C-Stromeingangs- und -ausgangsanschl\u00fcsse, die sich perfekt f\u00fcr die Verkettung mehrerer Motoren \u00fcber eine einzige Stromquelle eignen.<\/p>\n<p>Der Nano II ist unser bisher kompatibelstes System mit Kompatibilit\u00e4t zu DJI RS2, RS3 Pro, DJI Focus Motors, Nucleus M <strong>(ohne die Handgriffe)<\/strong> und der vorherigen Generation des Nucleus Nano, was einen reibungslosen Arbeitsablauf f\u00fcr Anwender gew\u00e4hrleistet, die bereits fr\u00fchere Versionen des Nucleus Ecosystems nutzen.<\/p>\n<p>Bitte beachten Sie, dass f\u00fcr die Integration mit den Nucleus M Handgriffen, Advanced Side Focus Griffen, DJI Ronin und Ronin Focus Motoren zus\u00e4tzliche Hardware ben\u00f6tigt wird, die nicht im Kit enthalten ist.<\/p>\n<p><em>Erweitern Sie Ihr Filmerlebnis mit dem Nucleus Nano II &#8211; Kabelloses Objektivsteuerungssystem. Profitieren Sie von der pr\u00e4zisen Steuerung Ihrer Objektive, der intuitiven Benutzeroberfl\u00e4che und der un\u00fcbertroffenen Kompatibilit\u00e4t mit branchenf\u00fchrender Ausr\u00fcstung.<\/em><\/p>\n<p><strong>BITTE BEACHTEN SIE: Einige der oben aufgef\u00fchrten Funktionen sind in der aktuellen Firmware NICHT voll funktionsf\u00e4hig.<\/strong><\/p>\n<p><strong>Lens Mapping und andere Funktionen sind derzeit nicht verf\u00fcgbar und werden mit zuk\u00fcnftigen Firmware-Updates implementiert. Die Kamerasteuerungsfunktion ist derzeit nur mit ausgew\u00e4hlten Kameras kompatibel.<\/strong><\/p>\n<p><strong>Die Nucleus M Griffe f\u00fcr die linke und rechte Hand sowie die Advanced Side Focus Griffe sind derzeit NICHT mit dem Nano II Motor kompatibel und erfordern zus\u00e4tzliche Hardware, die separat erworben werden muss.<\/strong><\/p>\n<p><strong>Funktionen wie die Kompatibilit\u00e4t mit dem DJI Ronin\/DJI Focus Motor sind noch nicht verf\u00fcgbar und erfordern ebenfalls zus\u00e4tzliche, separat zu erwerbende Hardware.<\/strong><\/p>\n<p><strong>**Canon- und Sony-Kameras sind derzeit nur \u00fcber USB-C PD-Kabel und Black Magic Design-Kameras nur \u00fcber Bluetooth kompatibel**<\/strong><\/p>\n<p><strong>Bei Verwendung von Objektivadaptern: Die Nano II Bluetooth-Funktionalit\u00e4t ist nur m\u00f6glich, wenn offiziell unterst\u00fctzte Objektive f\u00fcr den jeweiligen Adapter verwendet werden.<\/strong><\/p>\n<p><strong>Die NATO-Halterung f\u00fcr den Steuergriff ist nur f\u00fcr das Nano II Handrad vorgesehen. Schlie\u00dfen Sie kein anderes Zubeh\u00f6r \u00fcber diese NATO-Halterung an, sonst riskieren Sie eine Besch\u00e4digung der Kontaktstifte.<\/strong><\/p>\n<p><strong>Wir empfehlen, nur <span style=\"color: #ff0000;\">Sony L-Series F550<\/span> f\u00fcr den Steuergriff zu verwenden. Die Kompatibilit\u00e4t mit anderen Marken wird nicht garantiert.  <\/strong><\/p>\n","protected":false},"excerpt":{"rendered":"<p>HINWEIS: DAS HANDRAD DARF NICHT \u00dcBER P-TAP BETRIEBEN WERDEN Das Nucleus Nano II &#8211; Wireless Lens Control System ist das ultimative Werkzeug f\u00fcr alle Filmemacher, die eine pr\u00e4zise Kontrolle \u00fcber ihre Objektive w\u00fcnschen. Mit dem neuen und verbesserten Handrad kann [&hellip;]<\/p>\n","protected":false},"featured_media":1972181,"comment_status":"closed","ping_status":"closed","template":"","meta":[],"product_cat":[3232,3897,3255,3382,1434,1078,1073,1079,1080,1081,1082,1083,1084,1085,1086,1087,1088,1089,1090,1091,1092,1093,1094,1095,1096,1097,1098,1099,1100,1101,1102,1103,1104,1105,1106,1107,1108,1109,1110,1111,1112,3155,1113,1114,1115,1116,1117,1118,1119,1120,1121,1122,1123,1124,1125,1126,1071,1127,1128,1129,1130,1131,1132,1133,1134,1135,1136,1137,1066],"product_tag":[],"acf":[],"gallery_images":[1970396,1970423,1970424,1970397,1972146,1972147,1972154,1972148,1972149],"_links":{"self":[{"href":"https:\/\/eu.tilta.com\/de\/wp-json\/wp\/v2\/product\/1976455"}],"collection":[{"href":"https:\/\/eu.tilta.com\/de\/wp-json\/wp\/v2\/product"}],"about":[{"href":"https:\/\/eu.tilta.com\/de\/wp-json\/wp\/v2\/types\/product"}],"replies":[{"embeddable":true,"href":"https:\/\/eu.tilta.com\/de\/wp-json\/wp\/v2\/comments?post=1976455"}],"wp:featuredmedia":[{"embeddable":true,"href":"https:\/\/eu.tilta.com\/de\/wp-json\/wp\/v2\/media\/1972181"}],"wp:attachment":[{"href":"https:\/\/eu.tilta.com\/de\/wp-json\/wp\/v2\/media?parent=1976455"}],"wp:term":[{"taxonomy":"product_cat","embeddable":true,"href":"https:\/\/eu.tilta.com\/de\/wp-json\/wp\/v2\/product_cat?post=1976455"},{"taxonomy":"product_tag","embeddable":true,"href":"https:\/\/eu.tilta.com\/de\/wp-json\/wp\/v2\/product_tag?post=1976455"}],"curies":[{"name":"wp","href":"https:\/\/api.w.org\/{rel}","templated":true}]}}