{"id":2000188,"date":"2024-07-30T05:01:32","date_gmt":"2024-07-30T03:01:32","guid":{"rendered":"https:\/\/de.tilta.com\/shop\/1-4-20-kameragurtbefestigung-schwarz\/"},"modified":"2025-12-05T13:25:56","modified_gmt":"2025-12-05T12:25:56","slug":"1-4-20-camera-strap-attachment-black","status":"publish","type":"product","link":"https:\/\/eu.tilta.com\/de\/shop\/1-4-20-camera-strap-attachment-black\/","title":{"rendered":"1\/4&#8243;-20 Kameragurtbefestigung &#8211; Schwarz"},"content":{"rendered":"<p>Diese 1\/4&#8243;-20 Kameragurtbefestigung ist das perfekte Universalzubeh\u00f6r, um einen Kameragurt an Ihrem Kamerak\u00e4fig zu befestigen.<\/p>\n<p>Der leichte Adapter verf\u00fcgt \u00fcber einen 1\/4&#8243;-20 Anschluss, der ihn mit einer Vielzahl von K\u00e4figen und einigen Kamerageh\u00e4usen direkt kompatibel macht.<\/p>\n<p>Installieren Sie den Adapter einfach \u00fcber ein 1\/4&#8243;-20 Gewinde und verwenden Sie den verstellbaren Ring, um Ihren Kameragurt zu befestigen.<\/p>\n","protected":false},"excerpt":{"rendered":"<p>Diese 1\/4&#8243;-20 Kameragurtbefestigung ist das perfekte Universalzubeh\u00f6r, um einen Kameragurt an Ihrem Kamerak\u00e4fig zu befestigen. Der leichte Adapter verf\u00fcgt \u00fcber einen 1\/4&#8243;-20 Anschluss, der ihn mit einer Vielzahl von K\u00e4figen und einigen Kamerageh\u00e4usen direkt kompatibel macht. Installieren Sie den Adapter [&hellip;]<\/p>\n","protected":false},"featured_media":1999697,"comment_status":"open","ping_status":"closed","template":"","meta":[],"product_cat":[2783],"product_tag":[],"acf":[],"gallery_images":[1999703,1999709,1999715,1999721,1999727],"_links":{"self":[{"href":"https:\/\/eu.tilta.com\/de\/wp-json\/wp\/v2\/product\/2000188"}],"collection":[{"href":"https:\/\/eu.tilta.com\/de\/wp-json\/wp\/v2\/product"}],"about":[{"href":"https:\/\/eu.tilta.com\/de\/wp-json\/wp\/v2\/types\/product"}],"replies":[{"embeddable":true,"href":"https:\/\/eu.tilta.com\/de\/wp-json\/wp\/v2\/comments?post=2000188"}],"wp:featuredmedia":[{"embeddable":true,"href":"https:\/\/eu.tilta.com\/de\/wp-json\/wp\/v2\/media\/1999697"}],"wp:attachment":[{"href":"https:\/\/eu.tilta.com\/de\/wp-json\/wp\/v2\/media?parent=2000188"}],"wp:term":[{"taxonomy":"product_cat","embeddable":true,"href":"https:\/\/eu.tilta.com\/de\/wp-json\/wp\/v2\/product_cat?post=2000188"},{"taxonomy":"product_tag","embeddable":true,"href":"https:\/\/eu.tilta.com\/de\/wp-json\/wp\/v2\/product_tag?post=2000188"}],"curies":[{"name":"wp","href":"https:\/\/api.w.org\/{rel}","templated":true}]}}