{"id":2000636,"date":"2024-07-31T05:55:26","date_gmt":"2024-07-31T03:55:26","guid":{"rendered":"https:\/\/de.tilta.com\/shop\/halterung-fuer-elektronischen-saugnapf-45%e2%80%b3\/"},"modified":"2026-01-25T17:22:19","modified_gmt":"2026-01-25T16:22:19","slug":"mounting-bracket-for-electronic-suction-cup-4-5%e2%80%b3","status":"publish","type":"product","link":"https:\/\/eu.tilta.com\/de\/shop\/mounting-bracket-for-electronic-suction-cup-4-5%e2%80%b3\/","title":{"rendered":"Halterung f\u00fcr elektronischen Saugnapf (4,5\u2033)"},"content":{"rendered":"<p>Diese Halterung wurde speziell f\u00fcr den 4,5\u2033 Electronic Suction Cup entwickelt.<br \/>\nSie k\u00f6nnen diese Halterung leicht anbringen oder entfernen, um verschiedene Zubeh\u00f6rteile und Halterungssysteme unterzubringen.<br \/>\nDie Halterung wird mit vier M4-Schrauben an der Saugnapfhalterung befestigt, so dass eine sichere Verbindung entsteht, die bei Bedarf auch leicht ausgetauscht werden kann.<br \/>\nZu den Optionen geh\u00f6ren die Unterst\u00fctzung f\u00fcr das M25-Gewinde des Hydra Alien, die NATO sowie eine Universal-Multi-Mount-Option, um eine breite Palette von Szenarien abzudecken.   <\/p>\n","protected":false},"excerpt":{"rendered":"<p>Diese Halterung wurde speziell f\u00fcr den 4,5\u2033 Electronic Suction Cup entwickelt. Sie k\u00f6nnen diese Halterung leicht anbringen oder entfernen, um verschiedene Zubeh\u00f6rteile und Halterungssysteme unterzubringen. Die Halterung wird mit vier M4-Schrauben an der Saugnapfhalterung befestigt, so dass eine sichere Verbindung [&hellip;]<\/p>\n","protected":false},"featured_media":2000524,"comment_status":"closed","ping_status":"closed","template":"","meta":[],"product_cat":[1275],"product_tag":[],"acf":[],"gallery_images":[2000518,2000512,2000506],"_links":{"self":[{"href":"https:\/\/eu.tilta.com\/de\/wp-json\/wp\/v2\/product\/2000636"}],"collection":[{"href":"https:\/\/eu.tilta.com\/de\/wp-json\/wp\/v2\/product"}],"about":[{"href":"https:\/\/eu.tilta.com\/de\/wp-json\/wp\/v2\/types\/product"}],"replies":[{"embeddable":true,"href":"https:\/\/eu.tilta.com\/de\/wp-json\/wp\/v2\/comments?post=2000636"}],"wp:featuredmedia":[{"embeddable":true,"href":"https:\/\/eu.tilta.com\/de\/wp-json\/wp\/v2\/media\/2000524"}],"wp:attachment":[{"href":"https:\/\/eu.tilta.com\/de\/wp-json\/wp\/v2\/media?parent=2000636"}],"wp:term":[{"taxonomy":"product_cat","embeddable":true,"href":"https:\/\/eu.tilta.com\/de\/wp-json\/wp\/v2\/product_cat?post=2000636"},{"taxonomy":"product_tag","embeddable":true,"href":"https:\/\/eu.tilta.com\/de\/wp-json\/wp\/v2\/product_tag?post=2000636"}],"curies":[{"name":"wp","href":"https:\/\/api.w.org\/{rel}","templated":true}]}}