{"id":2000643,"date":"2024-07-30T12:31:08","date_gmt":"2024-07-30T10:31:08","guid":{"rendered":"https:\/\/de.tilta.com\/shop\/akkuplatte-fuer-sony-fx9-v-mount\/"},"modified":"2025-12-05T13:27:21","modified_gmt":"2025-12-05T12:27:21","slug":"battery-plate-for-sony-fx9-v-mount","status":"publish","type":"product","link":"https:\/\/eu.tilta.com\/de\/shop\/battery-plate-for-sony-fx9-v-mount\/","title":{"rendered":"Akkuplatte f\u00fcr Sony FX9 &#8211; V-Mount"},"content":{"rendered":"<p>Mit dieser<b> V-Mount-Akkuplatte<\/b> von <b>Tilta<\/b> k\u00f6nnen Sie eine professionelle Akkuplatte zur Stromversorgung Ihrer Sony PXW-FX9 und ihres Zubeh\u00f6rs einsetzen.<br \/>\nDie Platte wird an der R\u00fcckseite der oberen Platte des Tilta FX9-Kamerak\u00e4figs b\u00fcndig mit der R\u00fcckseite der Kamera an Ihrer FX9 befestigt. So k\u00f6nnen Sie einen professionellen V-Mount-Akku verwenden, um die FX9-Kamera, Scheinwerfer, Monitore, Mikrofone oder andere Ger\u00e4te mit mehreren Stromausg\u00e4ngen zu betreiben.<br \/>\nDie Platte verf\u00fcgt \u00fcber drei D-Tap-Ausg\u00e4nge an den Seiten und zus\u00e4tzliche Gleichstromausg\u00e4nge f\u00fcr die gleichzeitige Stromversorgung einer Vielzahl von Zubeh\u00f6r.  <\/p>\n","protected":false},"excerpt":{"rendered":"<p>Mit dieser V-Mount-Akkuplatte von Tilta k\u00f6nnen Sie eine professionelle Akkuplatte zur Stromversorgung Ihrer Sony PXW-FX9 und ihres Zubeh\u00f6rs einsetzen. Die Platte wird an der R\u00fcckseite der oberen Platte des Tilta FX9-Kamerak\u00e4figs b\u00fcndig mit der R\u00fcckseite der Kamera an Ihrer FX9 [&hellip;]<\/p>\n","protected":false},"featured_media":2000155,"comment_status":"closed","ping_status":"closed","template":"","meta":[],"product_cat":[1131],"product_tag":[],"acf":[],"gallery_images":[2000147,2000141,2000135,2000129],"_links":{"self":[{"href":"https:\/\/eu.tilta.com\/de\/wp-json\/wp\/v2\/product\/2000643"}],"collection":[{"href":"https:\/\/eu.tilta.com\/de\/wp-json\/wp\/v2\/product"}],"about":[{"href":"https:\/\/eu.tilta.com\/de\/wp-json\/wp\/v2\/types\/product"}],"replies":[{"embeddable":true,"href":"https:\/\/eu.tilta.com\/de\/wp-json\/wp\/v2\/comments?post=2000643"}],"wp:featuredmedia":[{"embeddable":true,"href":"https:\/\/eu.tilta.com\/de\/wp-json\/wp\/v2\/media\/2000155"}],"wp:attachment":[{"href":"https:\/\/eu.tilta.com\/de\/wp-json\/wp\/v2\/media?parent=2000643"}],"wp:term":[{"taxonomy":"product_cat","embeddable":true,"href":"https:\/\/eu.tilta.com\/de\/wp-json\/wp\/v2\/product_cat?post=2000643"},{"taxonomy":"product_tag","embeddable":true,"href":"https:\/\/eu.tilta.com\/de\/wp-json\/wp\/v2\/product_tag?post=2000643"}],"curies":[{"name":"wp","href":"https:\/\/api.w.org\/{rel}","templated":true}]}}