{"id":2000656,"date":"2024-07-30T11:48:12","date_gmt":"2024-07-30T09:48:12","guid":{"rendered":"https:\/\/de.tilta.com\/shop\/nucleus-m-einzelner-motor\/"},"modified":"2025-12-05T13:27:24","modified_gmt":"2025-12-05T12:27:24","slug":"nucleus-m-single-motor","status":"publish","type":"product","link":"https:\/\/eu.tilta.com\/de\/shop\/nucleus-m-single-motor\/","title":{"rendered":"Nucleus M Einzelner Motor"},"content":{"rendered":"<div class=\"overview-text\">  Mit diesem Nucleus-M Motor-Kit k\u00f6nnen Sie einen Motor zu Ihrem Nucleus-M Kit hinzuf\u00fcgen, zusammen mit dem 7-poligen auf 7-poligen Stromkabel, mit dem Sie den Motor \u00fcber eine Verkettung mit einem anderen Nucleus-M Motor mit Strom versorgen k\u00f6nnen<strong>(kein Kabel, nur Motor<\/strong>).  <\/div>\n","protected":false},"excerpt":{"rendered":"<p>Mit diesem Nucleus-M Motor-Kit k\u00f6nnen Sie einen Motor zu Ihrem Nucleus-M Kit hinzuf\u00fcgen, zusammen mit dem 7-poligen auf 7-poligen Stromkabel, mit dem Sie den Motor \u00fcber eine Verkettung mit einem anderen Nucleus-M Motor mit Strom versorgen k\u00f6nnen(kein Kabel, nur Motor).<\/p>\n","protected":false},"featured_media":2000099,"comment_status":"closed","ping_status":"closed","template":"","meta":[],"product_cat":[1281],"product_tag":[],"acf":[],"gallery_images":[2000091],"_links":{"self":[{"href":"https:\/\/eu.tilta.com\/de\/wp-json\/wp\/v2\/product\/2000656"}],"collection":[{"href":"https:\/\/eu.tilta.com\/de\/wp-json\/wp\/v2\/product"}],"about":[{"href":"https:\/\/eu.tilta.com\/de\/wp-json\/wp\/v2\/types\/product"}],"replies":[{"embeddable":true,"href":"https:\/\/eu.tilta.com\/de\/wp-json\/wp\/v2\/comments?post=2000656"}],"wp:featuredmedia":[{"embeddable":true,"href":"https:\/\/eu.tilta.com\/de\/wp-json\/wp\/v2\/media\/2000099"}],"wp:attachment":[{"href":"https:\/\/eu.tilta.com\/de\/wp-json\/wp\/v2\/media?parent=2000656"}],"wp:term":[{"taxonomy":"product_cat","embeddable":true,"href":"https:\/\/eu.tilta.com\/de\/wp-json\/wp\/v2\/product_cat?post=2000656"},{"taxonomy":"product_tag","embeddable":true,"href":"https:\/\/eu.tilta.com\/de\/wp-json\/wp\/v2\/product_tag?post=2000656"}],"curies":[{"name":"wp","href":"https:\/\/api.w.org\/{rel}","templated":true}]}}