{"id":2000866,"date":"2024-07-31T08:58:35","date_gmt":"2024-07-31T06:58:35","guid":{"rendered":"https:\/\/de.tilta.com\/shop\/kamerakaefig-fuer-sony-burano-pro-kit-v-mount\/"},"modified":"2025-12-05T13:27:29","modified_gmt":"2025-12-05T12:27:29","slug":"camera-cage-for-sony-burano-pro-kit-v-mount","status":"publish","type":"product","link":"https:\/\/eu.tilta.com\/de\/shop\/camera-cage-for-sony-burano-pro-kit-v-mount\/","title":{"rendered":"Kamerak\u00e4fig f\u00fcr Sony BURANO Pro Kit &#8211; V-Mount"},"content":{"rendered":"<p><em>Wir stellen das Pro Camera Cage Kit f\u00fcr Sony BURANO vor<\/em><\/p>\n<p>Die Grundlage dieses Kits ist der Vollst\u00e4ndiger Kamerak\u00e4fig, der das Kamerageh\u00e4use sch\u00fctzt und die Montage verschiedener Zubeh\u00f6rteile erm\u00f6glicht, um die Funktionalit\u00e4t der Kamera zu verbessern.<\/p>\n<p>Dieser Kamerak\u00e4fig verf\u00fcgt \u00fcber eine Vielzahl von Befestigungspunkten, darunter Arri-Rosetten, 15-mm-Stabhalter, 1\/4\u2033-20-Gewinde und 3\/8\u2033-16-Gewinde, beide mit Fixierpunkten.<\/p>\n<p>Die Arri Standard-Rosetten sind so positioniert, dass sie mit den Rosetten auf dem Original-Kamerageh\u00e4use identisch sind und mit dem Original-Steuerungsgriff kompatibel sind.<\/p>\n<p>Der 15-mm-Stabhalter kann an der oberen Platte oder an den Seitenarmen befestigt werden, was flexible Optionen f\u00fcr Objektivsteuerungsmotoren, Objektivst\u00fctzen und vertikale Kameraaufstellungen bietet.<\/p>\n<p>Die mitgelieferte 15-mm-LWS-Grundplatte und die beiden 15-mm-Stangen erm\u00f6glichen die Montage von Zubeh\u00f6r, das auf Stangen basiert, wie z.B. Matteboxen und Follow-Focus-Systeme. Die Unterseite der Grundplatte l\u00e4sst sich mit unseren Tilta-Schwalbenschw\u00e4nzen verbinden und verf\u00fcgt \u00fcber 1\/4\u2033-20 und 3\/8\u2033-16 Gewinde.<\/p>\n<p>Zu diesem K\u00e4fig geh\u00f6rt auch eine seitliche Montageplatte, die sich in H\u00f6he und Winkel verstellen l\u00e4sst und an mehreren Befestigungspunkten an der oberen Platte befestigt werden kann, um die Funktionalit\u00e4t dieser Platte zu erweitern.<\/p>\n<p>Die Deckplatte verf\u00fcgt au\u00dferdem \u00fcber einen speziellen Steckplatz f\u00fcr den mitgelieferten oberen Handgriff, der auch mit dem originalen oberen Handgriff der Kamera kompatibel ist. Der mitgelieferte Top Handle bietet verschiedene Befestigungspunkte und verbessert die M\u00f6glichkeiten zur Handhabung des Systems.<\/p>\n<p>Die 15-mm-Stangenhalterung bietet eine bequeme M\u00f6glichkeit, die mitgelieferte drehbare EVF-Halterung zu montieren, die mehr Flexibilit\u00e4t beim Neigen und Drehen des elektronischen Suchers der Kamera bietet.<\/p>\n<p>Der Kamerak\u00e4fig besteht aus einer hochfesten Aluminiumlegierung der Serie 7000, die leicht und langlebig ist.<\/p>\n<p>Ebenfalls enthalten ist das Multi-Functional Mini Tool Kit, ein kompaktes, robustes und vielseitiges Werkzeugset f\u00fcr Kamerak\u00e4fige und Halterungssysteme mit sechs Universalwerkzeugen.<\/p>\n<p>Die mitgelieferte Akkuplatte passt die V-Mount-Akkuplatte des Burano entweder an eine Gold-Mount- oder V-Mount-Akkuplatte mit zus\u00e4tzlichen Stromausg\u00e4ngen an.<\/p>\n<p>Diese Akkuplatte umfasst die folgenden Stromausg\u00e4nge:<\/p>\n<p>(1) 6-Pin LEMO DC-Eingang (12V-28V)<br \/>\n(1) P-Tap-Anschluss (14,8V 3,8A)<br \/>\n(1) USB-C Anschluss ( PD3.1 65W )<br \/>\n(1) 3-Pin Fischer Lemo (24V 3 A)<br \/>\n(1) 3-Pin Fischer Lemo (14,8V 3,8 A)<br \/>\n(1) 2-Pin Lemo (14,8V 3 A)<\/p>\n<p>Ebenfalls enthalten ist das Multi-Functional Mini Tool Kit, ein kompaktes, robustes und vielseitiges Werkzeugset f\u00fcr Kamerak\u00e4fige und Halterungssysteme mit sechs Universalwerkzeugen.<\/p>\n","protected":false},"excerpt":{"rendered":"<p>Wir stellen das Pro Camera Cage Kit f\u00fcr Sony BURANO vor Die Grundlage dieses Kits ist der Vollst\u00e4ndiger Kamerak\u00e4fig, der das Kamerageh\u00e4use sch\u00fctzt und die Montage verschiedener Zubeh\u00f6rteile erm\u00f6glicht, um die Funktionalit\u00e4t der Kamera zu verbessern. Dieser Kamerak\u00e4fig verf\u00fcgt \u00fcber [&hellip;]<\/p>\n","protected":false},"featured_media":2000793,"comment_status":"closed","ping_status":"closed","template":"","meta":[],"product_cat":[1434],"product_tag":[],"acf":[],"gallery_images":[2000781,2000775,2000799,2000805,2000811],"_links":{"self":[{"href":"https:\/\/eu.tilta.com\/de\/wp-json\/wp\/v2\/product\/2000866"}],"collection":[{"href":"https:\/\/eu.tilta.com\/de\/wp-json\/wp\/v2\/product"}],"about":[{"href":"https:\/\/eu.tilta.com\/de\/wp-json\/wp\/v2\/types\/product"}],"replies":[{"embeddable":true,"href":"https:\/\/eu.tilta.com\/de\/wp-json\/wp\/v2\/comments?post=2000866"}],"wp:featuredmedia":[{"embeddable":true,"href":"https:\/\/eu.tilta.com\/de\/wp-json\/wp\/v2\/media\/2000793"}],"wp:attachment":[{"href":"https:\/\/eu.tilta.com\/de\/wp-json\/wp\/v2\/media?parent=2000866"}],"wp:term":[{"taxonomy":"product_cat","embeddable":true,"href":"https:\/\/eu.tilta.com\/de\/wp-json\/wp\/v2\/product_cat?post=2000866"},{"taxonomy":"product_tag","embeddable":true,"href":"https:\/\/eu.tilta.com\/de\/wp-json\/wp\/v2\/product_tag?post=2000866"}],"curies":[{"name":"wp","href":"https:\/\/api.w.org\/{rel}","templated":true}]}}