{"id":2000928,"date":"2024-07-31T09:23:11","date_gmt":"2024-07-31T07:23:11","guid":{"rendered":"https:\/\/de.tilta.com\/shop\/kamerakaefig-fuer-canon-r5-r6-kit-a-v2-schwarz\/"},"modified":"2025-12-23T15:00:04","modified_gmt":"2025-12-23T14:00:04","slug":"camera-cage-for-canon-r5-r6-kit-a-v2-black-2","status":"publish","type":"product","link":"https:\/\/eu.tilta.com\/de\/shop\/camera-cage-for-canon-r5-r6-kit-a-v2-black-2\/","title":{"rendered":"Kamerak\u00e4fig f\u00fcr Canon R5\/R6 Kit A V2 &#8211; Schwarz"},"content":{"rendered":"<p>Ohne den Blitzschuh der Kamera zu blockieren, bietet der Tilta Full Camera Cage f\u00fcr Canon R5\/R6 in Schwarz zwei zus\u00e4tzliche Schuhhalterungen sowie Befestigungsgewinde f\u00fcr verschiedene optionale Tilta-Zusatzger\u00e4te.<br \/>\n\u00dcber spezielle 1\/4&#8243;-20 Gewinde k\u00f6nnen Sie seitliche Griffe, einzelne 15-mm-Stabhalter und eine HDMI-Klemme anbringen. An der Vorderseite befinden sich au\u00dferdem kleine Gewinde f\u00fcr die Befestigung eines Objektivadapterhalters. Zum Anpassen der Kameraeinstellungen verf\u00fcgt der K\u00e4fig \u00fcber ein Scrollrad an der Oberseite, das das rechte Scrollrad der Kamera steuert. Im Lieferumfang des K\u00e4figs ist eine Schnellwechselplatte enthalten, die an der Unterseite angebracht wird. Die Platte verf\u00fcgt \u00fcber mehrere 1\/4&#8243;-20 Gewinde zum Ausbalancieren des K\u00e4figs auf Gimbals und anderen Halterungen.<br \/>\nDie Platte l\u00e4sst sich auch schnell an der optionalen Tilta 15mm LWS-Basisplatte befestigen, mit der Sie den K\u00e4fig um Stangen und anderes Zubeh\u00f6r erweitern k\u00f6nnen.<br \/>\nAlternativ k\u00f6nnen Arca-Swiss und Manfrotto Standard Tilta Schnellwechselplatten separat erworben und anstelle der mitgelieferten Platte angebracht werden, um eine direkte Kompatibilit\u00e4t mit Arca\/Manfrotto Stativen und anderen Halterungen zu gew\u00e4hrleisten.   <\/p>\n","protected":false},"excerpt":{"rendered":"<p>Ohne den Blitzschuh der Kamera zu blockieren, bietet der Tilta Full Camera Cage f\u00fcr Canon R5\/R6 in Schwarz zwei zus\u00e4tzliche Schuhhalterungen sowie Befestigungsgewinde f\u00fcr verschiedene optionale Tilta-Zusatzger\u00e4te. \u00dcber spezielle 1\/4&#8243;-20 Gewinde k\u00f6nnen Sie seitliche Griffe, einzelne 15-mm-Stabhalter und eine HDMI-Klemme [&hellip;]<\/p>\n","protected":false},"featured_media":2000879,"comment_status":"closed","ping_status":"closed","template":"","meta":[],"product_cat":[1090],"product_tag":[],"acf":[],"gallery_images":[2000883],"_links":{"self":[{"href":"https:\/\/eu.tilta.com\/de\/wp-json\/wp\/v2\/product\/2000928"}],"collection":[{"href":"https:\/\/eu.tilta.com\/de\/wp-json\/wp\/v2\/product"}],"about":[{"href":"https:\/\/eu.tilta.com\/de\/wp-json\/wp\/v2\/types\/product"}],"replies":[{"embeddable":true,"href":"https:\/\/eu.tilta.com\/de\/wp-json\/wp\/v2\/comments?post=2000928"}],"wp:featuredmedia":[{"embeddable":true,"href":"https:\/\/eu.tilta.com\/de\/wp-json\/wp\/v2\/media\/2000879"}],"wp:attachment":[{"href":"https:\/\/eu.tilta.com\/de\/wp-json\/wp\/v2\/media?parent=2000928"}],"wp:term":[{"taxonomy":"product_cat","embeddable":true,"href":"https:\/\/eu.tilta.com\/de\/wp-json\/wp\/v2\/product_cat?post=2000928"},{"taxonomy":"product_tag","embeddable":true,"href":"https:\/\/eu.tilta.com\/de\/wp-json\/wp\/v2\/product_tag?post=2000928"}],"curies":[{"name":"wp","href":"https:\/\/api.w.org\/{rel}","templated":true}]}}