{"id":2001068,"date":"2024-07-31T10:10:14","date_gmt":"2024-07-31T08:10:14","guid":{"rendered":"https:\/\/de.tilta.com\/shop\/einstellbarer-ef-mount-objektivadapter-fuer-sony-fx9-fx6\/"},"modified":"2025-12-05T13:27:50","modified_gmt":"2025-12-05T12:27:50","slug":"adjustable-ef-mount-lens-adapter-support-for-sony-fx9-fx6","status":"publish","type":"product","link":"https:\/\/eu.tilta.com\/de\/shop\/adjustable-ef-mount-lens-adapter-support-for-sony-fx9-fx6\/","title":{"rendered":"Einstellbarer EF-Mount-Objektivadapter f\u00fcr Sony FX9\/FX6"},"content":{"rendered":"<p>Diese Objektivadapterhalterung wird am Full Camera Cage f\u00fcr die Sony FX9 und FX6 befestigt.<br \/>\nSie verbessert die Flexibilit\u00e4t des bestehenden Halterungssystems der K\u00e4fige und erm\u00f6glicht Ihnen die einfache Befestigung verschiedener Objektivadapter.<br \/>\nDieser Adapter ist speziell f\u00fcr die Befestigung des Sony E-Mount auf Canon EF-Mount Objektivadapters geeignet.<\/p>\n","protected":false},"excerpt":{"rendered":"<p>Diese Objektivadapterhalterung wird am Full Camera Cage f\u00fcr die Sony FX9 und FX6 befestigt. Sie verbessert die Flexibilit\u00e4t des bestehenden Halterungssystems der K\u00e4fige und erm\u00f6glicht Ihnen die einfache Befestigung verschiedener Objektivadapter. Dieser Adapter ist speziell f\u00fcr die Befestigung des Sony [&hellip;]<\/p>\n","protected":false},"featured_media":2000941,"comment_status":"closed","ping_status":"closed","template":"","meta":[],"product_cat":[1127,1131,1070],"product_tag":[],"acf":[],"gallery_images":[],"_links":{"self":[{"href":"https:\/\/eu.tilta.com\/de\/wp-json\/wp\/v2\/product\/2001068"}],"collection":[{"href":"https:\/\/eu.tilta.com\/de\/wp-json\/wp\/v2\/product"}],"about":[{"href":"https:\/\/eu.tilta.com\/de\/wp-json\/wp\/v2\/types\/product"}],"replies":[{"embeddable":true,"href":"https:\/\/eu.tilta.com\/de\/wp-json\/wp\/v2\/comments?post=2001068"}],"wp:featuredmedia":[{"embeddable":true,"href":"https:\/\/eu.tilta.com\/de\/wp-json\/wp\/v2\/media\/2000941"}],"wp:attachment":[{"href":"https:\/\/eu.tilta.com\/de\/wp-json\/wp\/v2\/media?parent=2001068"}],"wp:term":[{"taxonomy":"product_cat","embeddable":true,"href":"https:\/\/eu.tilta.com\/de\/wp-json\/wp\/v2\/product_cat?post=2001068"},{"taxonomy":"product_tag","embeddable":true,"href":"https:\/\/eu.tilta.com\/de\/wp-json\/wp\/v2\/product_tag?post=2001068"}],"curies":[{"name":"wp","href":"https:\/\/api.w.org\/{rel}","templated":true}]}}