{"id":2001177,"date":"2024-07-31T11:26:23","date_gmt":"2024-07-31T09:26:23","guid":{"rendered":"https:\/\/de.tilta.com\/shop\/kabelloses-motorenkit-fuer-tilta-mirage\/"},"modified":"2025-12-05T13:28:30","modified_gmt":"2025-12-05T12:28:30","slug":"wireless-motor-kit-for-tilta-mirage","status":"publish","type":"product","link":"https:\/\/eu.tilta.com\/de\/shop\/wireless-motor-kit-for-tilta-mirage\/","title":{"rendered":"Kabelloses Motorenkit f\u00fcr Tilta Mirage"},"content":{"rendered":"<p><strong>WARNUNG: Betreiben Sie dieses Ger\u00e4t nicht \u00fcber USB-C, wenn das 14500 Netzteil angeschlossen ist.<\/strong>  Der drahtlose Motor f\u00fcr das Tilta Mirage wird direkt am 95-mm-Modul f\u00fcr variable NDs befestigt und erm\u00f6glicht es Ihnen, den VND mit dem drahtlosen Controller f\u00fcr das Mirage aus der Ferne einzustellen. Der Motor kann mit dem Nucleus M FIZ, den Handgriffen, dem Nucleus Nano Handrad, den Steuergriffen f\u00fcr den Advanced Ring Grip und unserem hinteren Steuergriff gesteuert werden. Der Motor wird \u00fcber USB-C oder das optionale 14500-Netzteil mit Strom versorgt.  <strong>HINWEIS: Dieser Motor kann von unseren Side Focus Griffen angetrieben, aber nicht gesteuert werden.<\/strong><\/p>\n<p><strong>Dieser Motor ist NICHT mit USB-C PD kompatibel. Die Spannungsanzeige bei der Stromversorgung \u00fcber USB-C ist m\u00f6glicherweise nicht genau.<\/strong><\/p>\n","protected":false},"excerpt":{"rendered":"<p>WARNUNG: Betreiben Sie dieses Ger\u00e4t nicht \u00fcber USB-C, wenn das 14500 Netzteil angeschlossen ist. Der drahtlose Motor f\u00fcr das Tilta Mirage wird direkt am 95-mm-Modul f\u00fcr variable NDs befestigt und erm\u00f6glicht es Ihnen, den VND mit dem drahtlosen Controller f\u00fcr [&hellip;]<\/p>\n","protected":false},"featured_media":2001108,"comment_status":"closed","ping_status":"closed","template":"","meta":[],"product_cat":[1195],"product_tag":[],"acf":[],"gallery_images":[2001102,2001096],"_links":{"self":[{"href":"https:\/\/eu.tilta.com\/de\/wp-json\/wp\/v2\/product\/2001177"}],"collection":[{"href":"https:\/\/eu.tilta.com\/de\/wp-json\/wp\/v2\/product"}],"about":[{"href":"https:\/\/eu.tilta.com\/de\/wp-json\/wp\/v2\/types\/product"}],"replies":[{"embeddable":true,"href":"https:\/\/eu.tilta.com\/de\/wp-json\/wp\/v2\/comments?post=2001177"}],"wp:featuredmedia":[{"embeddable":true,"href":"https:\/\/eu.tilta.com\/de\/wp-json\/wp\/v2\/media\/2001108"}],"wp:attachment":[{"href":"https:\/\/eu.tilta.com\/de\/wp-json\/wp\/v2\/media?parent=2001177"}],"wp:term":[{"taxonomy":"product_cat","embeddable":true,"href":"https:\/\/eu.tilta.com\/de\/wp-json\/wp\/v2\/product_cat?post=2001177"},{"taxonomy":"product_tag","embeddable":true,"href":"https:\/\/eu.tilta.com\/de\/wp-json\/wp\/v2\/product_tag?post=2001177"}],"curies":[{"name":"wp","href":"https:\/\/api.w.org\/{rel}","templated":true}]}}