{"id":2008200,"date":"2024-08-08T12:16:54","date_gmt":"2024-08-08T10:16:54","guid":{"rendered":"https:\/\/de.tilta.com\/shop\/tilta-vt05-reise-video-fluidkopf-mit-3-stufigen-stativbeinen-aus-kohlefaser-5kg\/"},"modified":"2025-12-05T13:46:09","modified_gmt":"2025-12-05T12:46:09","slug":"tilta-vt05-travel-video-fluid-head-with-3-stage-carbon-fiber-tripod-legs-5kg","status":"publish","type":"product","link":"https:\/\/eu.tilta.com\/de\/shop\/tilta-vt05-travel-video-fluid-head-with-3-stage-carbon-fiber-tripod-legs-5kg\/","title":{"rendered":"Tilta VT05 Reise-Video-Fluidkopf mit 3-stufigen Stativbeinen aus Kohlefaser (5KG)"},"content":{"rendered":"<div class=\"overview-text\">\n<p><em>Wir stellen Ihnen das Tilta Travel Video Fluid Head Stativ mit 3-stufigen Kohlefaserbeinen vor. Es wurde entwickelt, um Ihr Filmerlebnis mit un\u00fcbertroffener Vielseitigkeit und Pr\u00e4zision zu verbessern.<\/em><\/p>\n<p>Diese Stativbeine aus hochfester, 10-lagiger, diamantgekreuzter Kohlefaser sorgen f\u00fcr robuste Stabilit\u00e4t und sind gleichzeitig au\u00dfergew\u00f6hnlich leicht.<\/p>\n<p>Ob auf unebenem Gel\u00e4nde oder glatten Oberfl\u00e4chen, wechseln Sie mit einer einfachen Drehung zwischen Gummif\u00fc\u00dfen und Metallspikes, f\u00fcr optimalen Halt in jeder Umgebung.<\/p>\n<p>Dieses Stativ wurde mit Blick auf Flexibilit\u00e4t entwickelt und verf\u00fcgt \u00fcber mehrere Befestigungspunkte f\u00fcr die nahtlose Integration von zus\u00e4tzlichem Zubeh\u00f6r wie Smartphone-Klemmen, iPad-Halterungen oder Gelenkarmen \u00fcber mehrere 1\/4\u2033-20-Gewinde mit Fixierpunkten.<\/p>\n<p>Der pr\u00e4zisionsgefertigte Fluidkopf tr\u00e4gt bis zu 5 kg (11 lbs) und sorgt f\u00fcr reibungslose, pr\u00e4zise Bewegungen f\u00fcr professionelle Aufnahmen. Durch den ARCA-Empf\u00e4nger und die mitgelieferte Schnellwechselplatte ist der Fluidkopf mit den meisten Kamerasystemen oder K\u00e4figen kompatibel.<\/p>\n<p>Innovative Funktionen wie ein halbautomatisches Winkelverstellsystem und eine abnehmbare Kohlefasers\u00e4ule erm\u00f6glichen eine schnelle Einrichtung und anpassbare Aufnahmewinkel.<\/p>\n<p>Mit einem H\u00f6henbereich von knapp 10 Zoll bis zu einer maximalen H\u00f6he von 5,91 Fu\u00df bieten diese Beine extreme Flexibilit\u00e4t, wenn es darum geht, Ihren gew\u00fcnschten Aufnahmewinkel zu erreichen.<\/p>\n<p>Kompakt und tragbar, passt es m\u00fchelos in Ihren Koffer oder Ihre Kameratasche und ist bereit f\u00fcr jeden Drehort.<\/p>\n<p>Dank der langj\u00e4hrigen Erfahrung von Tilta in der Herstellung von erstklassigem Bildbearbeitungszubeh\u00f6r setzt dieses System neue Ma\u00dfst\u00e4be in Sachen Stabilit\u00e4t, Vielseitigkeit und Benutzerfreundlichkeit. Es ist ideal f\u00fcr Videofilmer und Filmemacher, die eine \u00fcberragende Leistung in einem leichten Formfaktor suchen.<\/p>\n<\/div>\n","protected":false},"excerpt":{"rendered":"<p>Wir stellen Ihnen das Tilta Travel Video Fluid Head Stativ mit 3-stufigen Kohlefaserbeinen vor. Es wurde entwickelt, um Ihr Filmerlebnis mit un\u00fcbertroffener Vielseitigkeit und Pr\u00e4zision zu verbessern. Diese Stativbeine aus hochfester, 10-lagiger, diamantgekreuzter Kohlefaser sorgen f\u00fcr robuste Stabilit\u00e4t und sind [&hellip;]<\/p>\n","protected":false},"featured_media":2008065,"comment_status":"closed","ping_status":"closed","template":"","meta":[],"product_cat":[3358,3373,3908,3294],"product_tag":[],"acf":[],"gallery_images":[2008059,2008053,2008047,2008041,2008035,2008029],"_links":{"self":[{"href":"https:\/\/eu.tilta.com\/de\/wp-json\/wp\/v2\/product\/2008200"}],"collection":[{"href":"https:\/\/eu.tilta.com\/de\/wp-json\/wp\/v2\/product"}],"about":[{"href":"https:\/\/eu.tilta.com\/de\/wp-json\/wp\/v2\/types\/product"}],"replies":[{"embeddable":true,"href":"https:\/\/eu.tilta.com\/de\/wp-json\/wp\/v2\/comments?post=2008200"}],"wp:featuredmedia":[{"embeddable":true,"href":"https:\/\/eu.tilta.com\/de\/wp-json\/wp\/v2\/media\/2008065"}],"wp:attachment":[{"href":"https:\/\/eu.tilta.com\/de\/wp-json\/wp\/v2\/media?parent=2008200"}],"wp:term":[{"taxonomy":"product_cat","embeddable":true,"href":"https:\/\/eu.tilta.com\/de\/wp-json\/wp\/v2\/product_cat?post=2008200"},{"taxonomy":"product_tag","embeddable":true,"href":"https:\/\/eu.tilta.com\/de\/wp-json\/wp\/v2\/product_tag?post=2008200"}],"curies":[{"name":"wp","href":"https:\/\/api.w.org\/{rel}","templated":true}]}}