{"id":2008217,"date":"2024-05-29T22:34:06","date_gmt":"2024-05-29T20:34:06","guid":{"rendered":"https:\/\/de.tilta.com\/shop\/tilta-illusion-4x5-65-schwarzer-nebelfilter\/"},"modified":"2025-12-05T13:46:29","modified_gmt":"2025-12-05T12:46:29","slug":"tilta-illusion-4x5-65-black-mist-filter","status":"publish","type":"product","link":"https:\/\/eu.tilta.com\/de\/shop\/tilta-illusion-4x5-65-black-mist-filter\/","title":{"rendered":"Tilta Illusion 4\u00d75.65 Schwarzer Nebelfilter"},"content":{"rendered":"<div class=\"overview-text\">\n<p><i>Einf\u00fchrung der n\u00e4chsten Generation von Filtern f\u00fcr die 4\u00d75,65 Matte Boxen &#8211; TILTA ILLUSION<\/i><\/p>\n<p>Dieser Filter ist der neue, im eigenen Haus hergestellte 4\u00d75,65-Filter, der f\u00fcr alle Matte Boxen mit einem 4\u00d75,65-Filtereinsatz einschlie\u00dflich der Mirage Matte Box entwickelt wurde.<\/p>\n<p>Bei diesem Filter handelt es sich um eine Art Diffusionsfilter, der den Kontrast reduziert und ein subtiles Gl\u00fchen um Lichtquellen herum erzeugt, w\u00e4hrend er die allgemeine Weichheit begrenzt und den Kontrast in den Schatten beibeh\u00e4lt.<\/p>\n<p>Dadurch entsteht eine weiche visuelle Atmosph\u00e4re, w\u00e4hrend die Sch\u00e4rfe erhalten bleibt und mehr Details in den Schatten zu sehen sind als bei einem Standard-Nebel-Filter.<\/p>\n<p>Dieser Filter ist ideal f\u00fcr Benutzer, die einen klassischen, diffusen Look w\u00fcnschen, ohne dass er zu sehr ablenkt.<\/p>\n<\/div>\n","protected":false},"excerpt":{"rendered":"<p>Einf\u00fchrung der n\u00e4chsten Generation von Filtern f\u00fcr die 4\u00d75,65 Matte Boxen &#8211; TILTA ILLUSION Dieser Filter ist der neue, im eigenen Haus hergestellte 4\u00d75,65-Filter, der f\u00fcr alle Matte Boxen mit einem 4\u00d75,65-Filtereinsatz einschlie\u00dflich der Mirage Matte Box entwickelt wurde. Bei [&hellip;]<\/p>\n","protected":false},"featured_media":2000204,"comment_status":"closed","ping_status":"closed","template":"","meta":[],"product_cat":[3765,1196],"product_tag":[],"acf":[],"gallery_images":[],"_links":{"self":[{"href":"https:\/\/eu.tilta.com\/de\/wp-json\/wp\/v2\/product\/2008217"}],"collection":[{"href":"https:\/\/eu.tilta.com\/de\/wp-json\/wp\/v2\/product"}],"about":[{"href":"https:\/\/eu.tilta.com\/de\/wp-json\/wp\/v2\/types\/product"}],"replies":[{"embeddable":true,"href":"https:\/\/eu.tilta.com\/de\/wp-json\/wp\/v2\/comments?post=2008217"}],"wp:featuredmedia":[{"embeddable":true,"href":"https:\/\/eu.tilta.com\/de\/wp-json\/wp\/v2\/media\/2000204"}],"wp:attachment":[{"href":"https:\/\/eu.tilta.com\/de\/wp-json\/wp\/v2\/media?parent=2008217"}],"wp:term":[{"taxonomy":"product_cat","embeddable":true,"href":"https:\/\/eu.tilta.com\/de\/wp-json\/wp\/v2\/product_cat?post=2008217"},{"taxonomy":"product_tag","embeddable":true,"href":"https:\/\/eu.tilta.com\/de\/wp-json\/wp\/v2\/product_tag?post=2008217"}],"curies":[{"name":"wp","href":"https:\/\/api.w.org\/{rel}","templated":true}]}}