{"id":2008748,"date":"2024-08-13T05:38:02","date_gmt":"2024-08-13T03:38:02","guid":{"rendered":"https:\/\/de.tilta.com\/shop\/full-camera-cage-for-insta360-x4-black\/"},"modified":"2025-12-05T13:46:42","modified_gmt":"2025-12-05T12:46:42","slug":"full-camera-cage-for-insta360-x4-black","status":"publish","type":"product","link":"https:\/\/eu.tilta.com\/de\/shop\/full-camera-cage-for-insta360-x4-black\/","title":{"rendered":"Vollst\u00e4ndiger Kamerak\u00e4fig f\u00fcr Insta360 X4 &#8211; Schwarz"},"content":{"rendered":"<p>Dieser Kamerak\u00e4fig bietet zus\u00e4tzlichen Schutz f\u00fcr die Insta360 X4 und verbessert die Flexibilit\u00e4t bei der Montage und Bedienung der Actionkamera.<\/p>\n<p>Der K\u00e4fig verf\u00fcgt \u00fcber mehrere Befestigungsm\u00f6glichkeiten f\u00fcr eine Vielzahl von Zubeh\u00f6rteilen, darunter ein \u00bc&#8221;-20-Gewinde mit Fixierpunkten und eine Cold Shoe-Aufnahme.<\/p>\n<p>Der Schnellverschluss erm\u00f6glicht ein schnelles Anbringen oder Entfernen des K\u00e4figs f\u00fcr einen schnellen Zugriff auf das Kamerageh\u00e4use.<\/p>\n<p>Die drehbare Halterung ist um 90\u00b0 schwenkbar, so dass Sie die Kamera auf einer ebenen Fl\u00e4che abstellen k\u00f6nnen, ohne das Objektiv und den K\u00e4fig zu zerkratzen.<\/p>\n<p>Dieser Kamerak\u00e4fig ist auch mit dem Silikonobjektivschutz kompatibel, der nicht im Lieferumfang enthalten ist.<\/p>\n<p>Der K\u00e4fig verf\u00fcgt \u00fcber eine sto\u00dfd\u00e4mpfende Polsterung, die das System stabilisiert und zus\u00e4tzlichen Schutz bietet.<\/p>\n<p>Der K\u00e4fig bietet au\u00dferdem einen einfachen Zugang zu allen Benutzertasten und dem Batteriefach f\u00fcr einen einfachen Batteriewechsel.<\/p>\n","protected":false},"excerpt":{"rendered":"<p>Dieser Kamerak\u00e4fig bietet zus\u00e4tzlichen Schutz f\u00fcr die Insta360 X4 und verbessert die Flexibilit\u00e4t bei der Montage und Bedienung der Actionkamera. Der K\u00e4fig verf\u00fcgt \u00fcber mehrere Befestigungsm\u00f6glichkeiten f\u00fcr eine Vielzahl von Zubeh\u00f6rteilen, darunter ein \u00bc&#8221;-20-Gewinde mit Fixierpunkten und eine Cold Shoe-Aufnahme. [&hellip;]<\/p>\n","protected":false},"featured_media":2008286,"comment_status":"closed","ping_status":"closed","template":"","meta":[],"product_cat":[3095],"product_tag":[],"acf":[],"gallery_images":[2008278,2008272,2008266,2008260,2008254,2008248,2008242,2008236],"_links":{"self":[{"href":"https:\/\/eu.tilta.com\/de\/wp-json\/wp\/v2\/product\/2008748"}],"collection":[{"href":"https:\/\/eu.tilta.com\/de\/wp-json\/wp\/v2\/product"}],"about":[{"href":"https:\/\/eu.tilta.com\/de\/wp-json\/wp\/v2\/types\/product"}],"replies":[{"embeddable":true,"href":"https:\/\/eu.tilta.com\/de\/wp-json\/wp\/v2\/comments?post=2008748"}],"wp:featuredmedia":[{"embeddable":true,"href":"https:\/\/eu.tilta.com\/de\/wp-json\/wp\/v2\/media\/2008286"}],"wp:attachment":[{"href":"https:\/\/eu.tilta.com\/de\/wp-json\/wp\/v2\/media?parent=2008748"}],"wp:term":[{"taxonomy":"product_cat","embeddable":true,"href":"https:\/\/eu.tilta.com\/de\/wp-json\/wp\/v2\/product_cat?post=2008748"},{"taxonomy":"product_tag","embeddable":true,"href":"https:\/\/eu.tilta.com\/de\/wp-json\/wp\/v2\/product_tag?post=2008748"}],"curies":[{"name":"wp","href":"https:\/\/api.w.org\/{rel}","templated":true}]}}