{"id":2008781,"date":"2024-08-13T09:37:24","date_gmt":"2024-08-13T07:37:24","guid":{"rendered":"https:\/\/de.tilta.com\/shop\/tilta-bt03e-tischkugelkopf-mit-1-stufigen-stativbeinen-aus-kohlefaser-3kg-ausziehbare-edition\/"},"modified":"2025-12-05T13:47:11","modified_gmt":"2025-12-05T12:47:11","slug":"tilta-bt03e-tabletop-ball-head-with-1-stage-carbon-fiber-tripod-legs-3kg-extendable-edition","status":"publish","type":"product","link":"https:\/\/eu.tilta.com\/de\/shop\/tilta-bt03e-tabletop-ball-head-with-1-stage-carbon-fiber-tripod-legs-3kg-extendable-edition\/","title":{"rendered":"Tilta BT03E Tischkugelkopf mit 1-stufigen Stativbeinen aus Kohlefaser (3KG) Ausziehbare Edition"},"content":{"rendered":"<p><em>Wir stellen Ihnen den Tabletop-Kugelkopf mit 1-stufigen Carbonfaser-Stativbeinen Extendable Edition (BT03E) vor, ein vielseitiges und kompaktes Stativ, das auf Pr\u00e4zision und Tragbarkeit ausgelegt ist.<\/em><\/p>\n<p>Der BT03E ist mit einem robusten Kugelkopf ausgestattet, der bis zu 3 kg tragen kann. Er verf\u00fcgt \u00fcber einen Schlitz f\u00fcr vertikale 90\u00b0-Aufnahmen und erm\u00f6glicht so nahtlose \u00dcberg\u00e4nge zwischen horizontalen, vertikalen und \u00dcberkopf-Konfigurationen.<\/p>\n<p>Die Arca Schnellwechselplatte l\u00e4sst sich mit einer 1\/4\u2033-20 Schraube sicher an den meisten Kameras und Kamerak\u00e4figen befestigen. Viele unserer Kamerak\u00e4fige sind von Haus aus kompatibel.<\/p>\n<p>Mit seinem schlanken Design ohne Mittels\u00e4ule eignet sich dieses Stativ hervorragend f\u00fcr enge R\u00e4ume und Aufnahmen aus niedrigen Winkeln. Die ultratiefen Aufnahmem\u00f6glichkeiten des Stativs werden durch drei verstellbare Beinwinkel erweitert, die kreative Perspektiven aus verschiedenen Blickwinkeln erm\u00f6glichen.<\/p>\n<p>Das Stativ aus mehrlagiger, diamantgekreuzter Karbonfaser ist sowohl robust als auch unglaublich leicht und damit ideal f\u00fcr den t\u00e4glichen Gebrauch.<\/p>\n<p>Seine zweiteiligen Beine lassen sich bis zu 13,7\u2033 ausziehen und der Drehverschlussmechanismus erm\u00f6glicht eine schnelle und pr\u00e4zise H\u00f6henverstellung. Diese kann mit der mitgelieferten Verl\u00e4ngerungsstange f\u00fcr eine zus\u00e4tzliche H\u00f6he von bis zu 21,9\u2033 kombiniert werden.<\/p>\n<p>Au\u00dferdem l\u00e4sst sich der Griff f\u00fcr zus\u00e4tzlichen Komfort in verschiedene L\u00e4ngen ausziehen, w\u00e4hrend die Beine \u00fcber 1\/4\u2033-20 Befestigungspunkte mit Passstiften verf\u00fcgen, an denen der Benutzer verschiedenes Zubeh\u00f6r befestigen kann.<\/p>\n<p><em>Egal, ob Sie vor Ort oder im Ausland arbeiten, dieses Stativ bietet die Funktionalit\u00e4t und Haltbarkeit, die Sie brauchen, um Ihre besten Aufnahmen zu machen.<\/em><\/p>\n","protected":false},"excerpt":{"rendered":"<p>Wir stellen Ihnen den Tabletop-Kugelkopf mit 1-stufigen Carbonfaser-Stativbeinen Extendable Edition (BT03E) vor, ein vielseitiges und kompaktes Stativ, das auf Pr\u00e4zision und Tragbarkeit ausgelegt ist. Der BT03E ist mit einem robusten Kugelkopf ausgestattet, der bis zu 3 kg tragen kann. Er [&hellip;]<\/p>\n","protected":false},"featured_media":2008918,"comment_status":"closed","ping_status":"closed","template":"","meta":[],"product_cat":[3303],"product_tag":[],"acf":[],"gallery_images":[2008912,2008906,2008900,2008894,2008888,2008882],"_links":{"self":[{"href":"https:\/\/eu.tilta.com\/de\/wp-json\/wp\/v2\/product\/2008781"}],"collection":[{"href":"https:\/\/eu.tilta.com\/de\/wp-json\/wp\/v2\/product"}],"about":[{"href":"https:\/\/eu.tilta.com\/de\/wp-json\/wp\/v2\/types\/product"}],"replies":[{"embeddable":true,"href":"https:\/\/eu.tilta.com\/de\/wp-json\/wp\/v2\/comments?post=2008781"}],"wp:featuredmedia":[{"embeddable":true,"href":"https:\/\/eu.tilta.com\/de\/wp-json\/wp\/v2\/media\/2008918"}],"wp:attachment":[{"href":"https:\/\/eu.tilta.com\/de\/wp-json\/wp\/v2\/media?parent=2008781"}],"wp:term":[{"taxonomy":"product_cat","embeddable":true,"href":"https:\/\/eu.tilta.com\/de\/wp-json\/wp\/v2\/product_cat?post=2008781"},{"taxonomy":"product_tag","embeddable":true,"href":"https:\/\/eu.tilta.com\/de\/wp-json\/wp\/v2\/product_tag?post=2008781"}],"curies":[{"name":"wp","href":"https:\/\/api.w.org\/{rel}","templated":true}]}}