{"id":2009800,"date":"2024-09-14T10:43:33","date_gmt":"2024-09-14T08:43:33","guid":{"rendered":"https:\/\/eu.tilta.com\/shop\/evf-halterung-fuer-sony-fx6\/"},"modified":"2025-12-05T13:47:36","modified_gmt":"2025-12-05T12:47:36","slug":"evf-bracket-for-sony-fx6","status":"publish","type":"product","link":"https:\/\/eu.tilta.com\/de\/shop\/evf-bracket-for-sony-fx6\/","title":{"rendered":"EVF-Halterung f\u00fcr Sony FX6"},"content":{"rendered":"<p>Mit dieser EVF-Halterung f\u00fcr die Sony FX6 k\u00f6nnen Sie Ihren Monitor weiter entfernt vom Kamerageh\u00e4use montieren und gleichzeitig die Sicherheit der Verbindung verbessern.<\/p>\n<p>Die zus\u00e4tzliche Flexibilit\u00e4t dieses Zubeh\u00f6rs ist besonders n\u00fctzlich bei der Verwendung des Sucherokulars.<\/p>\n<p>Die Halterung ist mit einer NATO-Schiene ausgestattet, mit der die Position des Suchers relativ zur zentralen Montagestange eingestellt werden kann.<\/p>\n<p>Am Ende der Halterung befindet sich ein Befestigungspunkt f\u00fcr den LCD-Monitor der FX6, der gedreht werden kann, um den bequemsten Arbeitswinkel zu finden.<\/p>\n<p>Dies ist unglaublich n\u00fctzlich, wenn Sie ein Schulterstativ mit dem Sucherokular verwenden, da es dem Bediener mehr M\u00f6glichkeiten bietet, eine bequeme Position zu finden.<\/p>\n","protected":false},"excerpt":{"rendered":"<p>Mit dieser EVF-Halterung f\u00fcr die Sony FX6 k\u00f6nnen Sie Ihren Monitor weiter entfernt vom Kamerageh\u00e4use montieren und gleichzeitig die Sicherheit der Verbindung verbessern. Die zus\u00e4tzliche Flexibilit\u00e4t dieses Zubeh\u00f6rs ist besonders n\u00fctzlich bei der Verwendung des Sucherokulars. Die Halterung ist mit [&hellip;]<\/p>\n","protected":false},"featured_media":2158879,"comment_status":"open","ping_status":"closed","template":"","meta":[],"product_cat":[1127],"product_tag":[],"acf":[],"gallery_images":[2158885,2158891,2158897,2009677],"_links":{"self":[{"href":"https:\/\/eu.tilta.com\/de\/wp-json\/wp\/v2\/product\/2009800"}],"collection":[{"href":"https:\/\/eu.tilta.com\/de\/wp-json\/wp\/v2\/product"}],"about":[{"href":"https:\/\/eu.tilta.com\/de\/wp-json\/wp\/v2\/types\/product"}],"replies":[{"embeddable":true,"href":"https:\/\/eu.tilta.com\/de\/wp-json\/wp\/v2\/comments?post=2009800"}],"wp:featuredmedia":[{"embeddable":true,"href":"https:\/\/eu.tilta.com\/de\/wp-json\/wp\/v2\/media\/2158879"}],"wp:attachment":[{"href":"https:\/\/eu.tilta.com\/de\/wp-json\/wp\/v2\/media?parent=2009800"}],"wp:term":[{"taxonomy":"product_cat","embeddable":true,"href":"https:\/\/eu.tilta.com\/de\/wp-json\/wp\/v2\/product_cat?post=2009800"},{"taxonomy":"product_tag","embeddable":true,"href":"https:\/\/eu.tilta.com\/de\/wp-json\/wp\/v2\/product_tag?post=2009800"}],"curies":[{"name":"wp","href":"https:\/\/api.w.org\/{rel}","templated":true}]}}