{"id":2009801,"date":"2024-09-11T11:33:59","date_gmt":"2024-09-11T09:33:59","guid":{"rendered":"https:\/\/eu.tilta.com\/shop\/handgriff-extender-fuer-sony-fx6\/"},"modified":"2025-12-05T13:47:36","modified_gmt":"2025-12-05T12:47:36","slug":"handgrip-extender-for-sony-fx6","status":"publish","type":"product","link":"https:\/\/eu.tilta.com\/de\/shop\/handgrip-extender-for-sony-fx6\/","title":{"rendered":"Handgriff-Extender f\u00fcr Sony FX6"},"content":{"rendered":"<p>Mit diesem Handgriff-Extender f\u00fcr die Sony FX6 k\u00f6nnen Sie den Handgriff Ihrer Kamera weiter vom Kamerageh\u00e4use entfernt montieren.<\/p>\n<p>Das Kabelende dieses Handgriff-Extenders wird mit dem FX6-Kamerageh\u00e4use verbunden, w\u00e4hrend das andere Ende eine Halterung f\u00fcr den Handgriff sowie einen Rosettenanschluss aufweist.<\/p>\n<p>Dieser Handgrip Extender ist die perfekte Option f\u00fcr die Verwendung der FX6 an einem Shoulder Rig oder Gimbal, wobei alle Bedienelemente \u00fcber den Handgriff verf\u00fcgbar bleiben.<\/p>\n<p>Dieses Spiralkabel ist unglaublich flexibel f\u00fcr verschiedene Konfigurationen, da es von 17,7\u2033 bis 39,3\u2033 reichen kann.<\/p>\n","protected":false},"excerpt":{"rendered":"<p>Mit diesem Handgriff-Extender f\u00fcr die Sony FX6 k\u00f6nnen Sie den Handgriff Ihrer Kamera weiter vom Kamerageh\u00e4use entfernt montieren. Das Kabelende dieses Handgriff-Extenders wird mit dem FX6-Kamerageh\u00e4use verbunden, w\u00e4hrend das andere Ende eine Halterung f\u00fcr den Handgriff sowie einen Rosettenanschluss aufweist. [&hellip;]<\/p>\n","protected":false},"featured_media":2009518,"comment_status":"closed","ping_status":"closed","template":"","meta":[],"product_cat":[1127],"product_tag":[],"acf":[],"gallery_images":[2009512,2009506,2009524],"_links":{"self":[{"href":"https:\/\/eu.tilta.com\/de\/wp-json\/wp\/v2\/product\/2009801"}],"collection":[{"href":"https:\/\/eu.tilta.com\/de\/wp-json\/wp\/v2\/product"}],"about":[{"href":"https:\/\/eu.tilta.com\/de\/wp-json\/wp\/v2\/types\/product"}],"replies":[{"embeddable":true,"href":"https:\/\/eu.tilta.com\/de\/wp-json\/wp\/v2\/comments?post=2009801"}],"wp:featuredmedia":[{"embeddable":true,"href":"https:\/\/eu.tilta.com\/de\/wp-json\/wp\/v2\/media\/2009518"}],"wp:attachment":[{"href":"https:\/\/eu.tilta.com\/de\/wp-json\/wp\/v2\/media?parent=2009801"}],"wp:term":[{"taxonomy":"product_cat","embeddable":true,"href":"https:\/\/eu.tilta.com\/de\/wp-json\/wp\/v2\/product_cat?post=2009801"},{"taxonomy":"product_tag","embeddable":true,"href":"https:\/\/eu.tilta.com\/de\/wp-json\/wp\/v2\/product_tag?post=2009801"}],"curies":[{"name":"wp","href":"https:\/\/api.w.org\/{rel}","templated":true}]}}