{"id":2009802,"date":"2024-09-11T09:22:34","date_gmt":"2024-09-11T07:22:34","guid":{"rendered":"https:\/\/eu.tilta.com\/shop\/tilta-power-pass-through-platte-fuer-dji-rs-4\/"},"modified":"2025-12-05T13:47:49","modified_gmt":"2025-12-05T12:47:49","slug":"tilta-power-pass-through-plate-for-dji-rs-4","status":"publish","type":"product","link":"https:\/\/eu.tilta.com\/de\/shop\/tilta-power-pass-through-plate-for-dji-rs-4\/","title":{"rendered":"Tilta Power Pass-through Platte f\u00fcr DJI RS 4"},"content":{"rendered":"<p><em>Wir stellen die Power Pass-Through Platte f\u00fcr DJI RS 4 vor<\/em><\/p>\n<p>Diese Durchgangsplatte ersetzt den urspr\u00fcnglichen Schlitten des DJI RS2, RS3, RS3 Pro, RS4 und RS4 Pro, um die Stromversorgungsoptionen f\u00fcr Kameras und Zubeh\u00f6r zu erweitern.<\/p>\n<p>Sie k\u00f6nnen die originale Ronin-Platte entfernen, indem Sie den Hebel zur H\u00f6henverstellung entriegeln und die Platte abnehmen und dieses Zubeh\u00f6r auf die gleiche Weise befestigen.<\/p>\n<p>Die Gold Mount-, V-Mount- oder Dual NP-F-Akkuplatte kann dann angeschlossen werden, um Akkus unter der Platte zu montieren.<\/p>\n<p>Die Platte verf\u00fcgt \u00fcber (2) P-Tap-Ausgangsanschl\u00fcsse, (1) 2-Pin-Lemo-Anschluss und (1) USB-C, ideal f\u00fcr die Stromversorgung Ihrer Kamera \u00fcber Dummy-Batteriekabel oder Zubeh\u00f6r wie drahtlose Follow-Focus-Motoren.<\/p>\n<p>Der 2-Pin-Lemo-Anschluss kann auch als Stromeingang fungieren, so dass Sie die Platte \u00fcber eine externe Quelle mit einem 2-Pin-Stromkabel (nicht im Lieferumfang enthalten) mit Strom versorgen k\u00f6nnen.<\/p>\n<p>Diese Platte verbessert die Kamerabalance und f\u00fchrt durch einen optimierten Schwerpunkt zu einer insgesamt besseren Leistung des Gimbals, was insbesondere bei der Verwendung l\u00e4ngerer Objektive n\u00fctzlich ist.<\/p>\n<p>Der Manfrotto-Empf\u00e4nger an der Oberseite und der Cold Shoe-Empf\u00e4nger an der Unterseite sind identisch mit dem Original. Das bedeutet, dass DJI-Zubeh\u00f6r, wie die Manfrotto-Schnellwechselplatte oder der Raven Eye Wireless Video Transmitter, weiterhin kompatibel sind.<\/p>\n","protected":false},"excerpt":{"rendered":"<p>Wir stellen die Power Pass-Through Platte f\u00fcr DJI RS 4 vor Diese Durchgangsplatte ersetzt den urspr\u00fcnglichen Schlitten des DJI RS2, RS3, RS3 Pro, RS4 und RS4 Pro, um die Stromversorgungsoptionen f\u00fcr Kameras und Zubeh\u00f6r zu erweitern. Sie k\u00f6nnen die originale [&hellip;]<\/p>\n","protected":false},"featured_media":2009393,"comment_status":"closed","ping_status":"closed","template":"","meta":[],"product_cat":[1047,1139],"product_tag":[],"acf":[],"gallery_images":[2009387,2009381,2009375,2009369],"_links":{"self":[{"href":"https:\/\/eu.tilta.com\/de\/wp-json\/wp\/v2\/product\/2009802"}],"collection":[{"href":"https:\/\/eu.tilta.com\/de\/wp-json\/wp\/v2\/product"}],"about":[{"href":"https:\/\/eu.tilta.com\/de\/wp-json\/wp\/v2\/types\/product"}],"replies":[{"embeddable":true,"href":"https:\/\/eu.tilta.com\/de\/wp-json\/wp\/v2\/comments?post=2009802"}],"wp:featuredmedia":[{"embeddable":true,"href":"https:\/\/eu.tilta.com\/de\/wp-json\/wp\/v2\/media\/2009393"}],"wp:attachment":[{"href":"https:\/\/eu.tilta.com\/de\/wp-json\/wp\/v2\/media?parent=2009802"}],"wp:term":[{"taxonomy":"product_cat","embeddable":true,"href":"https:\/\/eu.tilta.com\/de\/wp-json\/wp\/v2\/product_cat?post=2009802"},{"taxonomy":"product_tag","embeddable":true,"href":"https:\/\/eu.tilta.com\/de\/wp-json\/wp\/v2\/product_tag?post=2009802"}],"curies":[{"name":"wp","href":"https:\/\/api.w.org\/{rel}","templated":true}]}}