{"id":2009803,"date":"2024-09-11T08:28:39","date_gmt":"2024-09-11T06:28:39","guid":{"rendered":"https:\/\/eu.tilta.com\/shop\/khronos-universal-zubehoer-montageadapter-1-4%e2%80%b3-20\/"},"modified":"2025-12-16T17:19:20","modified_gmt":"2025-12-16T16:19:20","slug":"khronos-universal-accessory-mounting-adapter-1-4%e2%80%b3-20","status":"publish","type":"product","link":"https:\/\/eu.tilta.com\/de\/shop\/khronos-universal-accessory-mounting-adapter-1-4%e2%80%b3-20\/","title":{"rendered":"Khronos Universal-Zubeh\u00f6r-Montageadapter (1\/4\u2033-20)"},"content":{"rendered":"<p><em>Wir stellen Ihnen den Khronos Universal Accessory Mounting Adapter vor.<\/em><\/p>\n<p>Dieser Adapter l\u00e4sst sich mit einer einzigen 1\/4\u2033-20 Schraube mit Fixierstiften an einer Vielzahl von Kamerak\u00e4figen befestigen.<\/p>\n<p>Mit diesem Adapter k\u00f6nnen Sie Khronos-Zubeh\u00f6r, wie z.B. Seitengriffe, \u00fcber unsere einzigartige Schnellspannklemme befestigen.<\/p>\n<p>Das bedeutet, dass der Benutzer die Position seines Zubeh\u00f6rs fast augenblicklich anpassen kann, ohne ein Multitool benutzen zu m\u00fcssen.<\/p>\n<p>Dies ist besonders praktisch, wenn Sie zwischen horizontalen und vertikalen Aufnahmekonfigurationen wechseln.<\/p>\n<p>Wir empfehlen, die Gesamtnutzlast f\u00fcr diese Verbindung unter 11 lbs zu halten.<\/p>\n","protected":false},"excerpt":{"rendered":"<p>Wir stellen Ihnen den Khronos Universal Accessory Mounting Adapter vor. Dieser Adapter l\u00e4sst sich mit einer einzigen 1\/4\u2033-20 Schraube mit Fixierstiften an einer Vielzahl von Kamerak\u00e4figen befestigen. Mit diesem Adapter k\u00f6nnen Sie Khronos-Zubeh\u00f6r, wie z.B. Seitengriffe, \u00fcber unsere einzigartige Schnellspannklemme [&hellip;]<\/p>\n","protected":false},"featured_media":2009312,"comment_status":"closed","ping_status":"closed","template":"","meta":[],"product_cat":[3507,3357],"product_tag":[],"acf":[],"gallery_images":[2009304,2009298,2009292,2009286,2009280,2009274,2009268,2009262],"_links":{"self":[{"href":"https:\/\/eu.tilta.com\/de\/wp-json\/wp\/v2\/product\/2009803"}],"collection":[{"href":"https:\/\/eu.tilta.com\/de\/wp-json\/wp\/v2\/product"}],"about":[{"href":"https:\/\/eu.tilta.com\/de\/wp-json\/wp\/v2\/types\/product"}],"replies":[{"embeddable":true,"href":"https:\/\/eu.tilta.com\/de\/wp-json\/wp\/v2\/comments?post=2009803"}],"wp:featuredmedia":[{"embeddable":true,"href":"https:\/\/eu.tilta.com\/de\/wp-json\/wp\/v2\/media\/2009312"}],"wp:attachment":[{"href":"https:\/\/eu.tilta.com\/de\/wp-json\/wp\/v2\/media?parent=2009803"}],"wp:term":[{"taxonomy":"product_cat","embeddable":true,"href":"https:\/\/eu.tilta.com\/de\/wp-json\/wp\/v2\/product_cat?post=2009803"},{"taxonomy":"product_tag","embeddable":true,"href":"https:\/\/eu.tilta.com\/de\/wp-json\/wp\/v2\/product_tag?post=2009803"}],"curies":[{"name":"wp","href":"https:\/\/api.w.org\/{rel}","templated":true}]}}