{"id":2009810,"date":"2024-09-11T05:16:51","date_gmt":"2024-09-11T03:16:51","guid":{"rendered":"https:\/\/eu.tilta.com\/shop\/tilta-mini-pd-v-mount-batterieplatte-schwarz\/"},"modified":"2025-12-05T13:47:42","modified_gmt":"2025-12-05T12:47:42","slug":"tilta-mini-pd-v-mount-battery-plate-black","status":"publish","type":"product","link":"https:\/\/eu.tilta.com\/de\/shop\/tilta-mini-pd-v-mount-battery-plate-black\/","title":{"rendered":"Tilta Mini PD V Mount Batterieplatte &#8211; Schwarz"},"content":{"rendered":"<div class=\"overview-text\">\n<p><em>Wir stellen die Tilta Mini PD V-Mount-Akkuplatte vor<\/em><\/p>\n<p>Mit dieser Akkuplatte k\u00f6nnen Sie die Betriebszeit Ihrer Kamera und Ihres Zubeh\u00f6rs durch V-Mount-Akkus mit gr\u00f6\u00dferer Kapazit\u00e4t verl\u00e4ngern.<\/p>\n<p>Diese Platte bietet mehrere Stromausgangsoptionen wie einen 60W PD USB-C, einen P-Tap und einen 2-Pin Lemo-Anschluss.<\/p>\n<p>Einzigartig an dieser Platte sind die integrierten Gurtschlitze, die es Benutzern erm\u00f6glichen, einen mitgelieferten Sicherheitsgurt an ihren V-Mount-Akku anzuschlie\u00dfen.<\/p>\n<p>Dies schr\u00e4nkt die M\u00f6glichkeit einer versehentlichen Trennung ein, was besonders n\u00fctzlich ist, wenn Sie die Kamera an Tr\u00e4gersystemen wie Autohalterungen befestigen.<\/p>\n<p>Im Lieferumfang der Akkuplatte ist ein Adapter f\u00fcr zwei Stangen enthalten, mit dem sich das Ger\u00e4t leicht in Systeme integrieren l\u00e4sst, die 15-mm-LWS-Stangen verwenden.<\/p>\n<p>Die Akkuplatte verf\u00fcgt au\u00dferdem \u00fcber 1\/4&#8243;-20 und M4-Gewinde an der Oberseite, so dass das Ger\u00e4t mit zus\u00e4tzlichen Adaptern oder Gelenkarmen auf einzigartige Weise montiert werden kann.<\/p>\n<p><em>P-Tap\/2 Pin Lemo Ports liefern 20V\/3A<\/em><\/p>\n<\/div>\n","protected":false},"excerpt":{"rendered":"<p>Wir stellen die Tilta Mini PD V-Mount-Akkuplatte vor Mit dieser Akkuplatte k\u00f6nnen Sie die Betriebszeit Ihrer Kamera und Ihres Zubeh\u00f6rs durch V-Mount-Akkus mit gr\u00f6\u00dferer Kapazit\u00e4t verl\u00e4ngern. Diese Platte bietet mehrere Stromausgangsoptionen wie einen 60W PD USB-C, einen P-Tap und einen [&hellip;]<\/p>\n","protected":false},"featured_media":2009215,"comment_status":"closed","ping_status":"closed","template":"","meta":[],"product_cat":[3897,3255,3382,1073,1082,1083,1084,1085,1086,1087,1088,1089,1090,1094,1096,1101,1102,1104,1105,1106,1109,1110,1143],"product_tag":[],"acf":[],"gallery_images":[2009209,2009203,2009197,2009191,2009185,2009179,2009173,2009167],"_links":{"self":[{"href":"https:\/\/eu.tilta.com\/de\/wp-json\/wp\/v2\/product\/2009810"}],"collection":[{"href":"https:\/\/eu.tilta.com\/de\/wp-json\/wp\/v2\/product"}],"about":[{"href":"https:\/\/eu.tilta.com\/de\/wp-json\/wp\/v2\/types\/product"}],"replies":[{"embeddable":true,"href":"https:\/\/eu.tilta.com\/de\/wp-json\/wp\/v2\/comments?post=2009810"}],"wp:featuredmedia":[{"embeddable":true,"href":"https:\/\/eu.tilta.com\/de\/wp-json\/wp\/v2\/media\/2009215"}],"wp:attachment":[{"href":"https:\/\/eu.tilta.com\/de\/wp-json\/wp\/v2\/media?parent=2009810"}],"wp:term":[{"taxonomy":"product_cat","embeddable":true,"href":"https:\/\/eu.tilta.com\/de\/wp-json\/wp\/v2\/product_cat?post=2009810"},{"taxonomy":"product_tag","embeddable":true,"href":"https:\/\/eu.tilta.com\/de\/wp-json\/wp\/v2\/product_tag?post=2009810"}],"curies":[{"name":"wp","href":"https:\/\/api.w.org\/{rel}","templated":true}]}}