{"id":2009811,"date":"2024-09-14T09:27:45","date_gmt":"2024-09-14T07:27:45","guid":{"rendered":"https:\/\/eu.tilta.com\/shop\/seitliche-montageplatte-fuer-sony-fx6\/"},"modified":"2026-02-23T15:12:36","modified_gmt":"2026-02-23T14:12:36","slug":"side-mounting-plate-for-sony-fx6","status":"publish","type":"product","link":"https:\/\/eu.tilta.com\/de\/shop\/side-mounting-plate-for-sony-fx6\/","title":{"rendered":"Seitliche Montageplatte f\u00fcr Sony FX6"},"content":{"rendered":"<p>Diese seitliche Montageplatte f\u00fcr Sony FX6 ist das perfekte, leichte Zubeh\u00f6r zur Erweiterung der Befestigungsm\u00f6glichkeiten Ihres Kamerak\u00e4figs.<\/p>\n<p>Diese Platte l\u00e4sst sich an der Seite des <a href=\"https:\/\/eu.tilta.com\/shop\/camera-cage-for-sony-fx6-advanced-kit\/\">Kamerak\u00e4figs f\u00fcr die Sony FX6<\/a> befestigen und verf\u00fcgt \u00fcber Befestigungspunkte f\u00fcr Zubeh\u00f6r wie z.B. Cold Shoe Receiver, 1\/4\u2033-20 und 3\/8\u2033-16 Gewinde mit Fixierpunkten.<\/p>\n<p>Diese Platte dient auch als flache Oberfl\u00e4che f\u00fcr einzigartige Aufbaum\u00f6glichkeiten und kann durch Anbringen der Schnellwechselplatte eines Stativs leicht f\u00fcr vertikale Aufnahmen verwendet werden.<\/p>\n<p>Im Lieferumfang dieses Kits sind au\u00dferdem A\/B\/C-Kamera-Index-Tags enthalten, die an einer bestimmten Stelle der Seitenplatte angebracht werden k\u00f6nnen, um jede Kamera in einem Multi-Kamera-Setup einfach zu identifizieren.<\/p>\n<p><strong>HINWEIS: Dieses Zubeh\u00f6r erfordert unseren <a href=\"https:\/\/eu.tilta.com\/shop\/camera-cage-for-sony-fx6-advanced-kit\/\">Kamerak\u00e4fig f\u00fcr Sony FX6<\/a><\/strong><\/p>\n","protected":false},"excerpt":{"rendered":"<p>Diese seitliche Montageplatte f\u00fcr Sony FX6 ist das perfekte, leichte Zubeh\u00f6r zur Erweiterung der Befestigungsm\u00f6glichkeiten Ihres Kamerak\u00e4figs. Diese Platte l\u00e4sst sich an der Seite des Kamerak\u00e4figs f\u00fcr die Sony FX6 befestigen und verf\u00fcgt \u00fcber Befestigungspunkte f\u00fcr Zubeh\u00f6r wie z.B. Cold [&hellip;]<\/p>\n","protected":false},"featured_media":2009640,"comment_status":"open","ping_status":"closed","template":"","meta":[],"product_cat":[1127,1260],"product_tag":[],"acf":[],"gallery_images":[2009634,2009628,2009622,2009616,2009610,2009604],"_links":{"self":[{"href":"https:\/\/eu.tilta.com\/de\/wp-json\/wp\/v2\/product\/2009811"}],"collection":[{"href":"https:\/\/eu.tilta.com\/de\/wp-json\/wp\/v2\/product"}],"about":[{"href":"https:\/\/eu.tilta.com\/de\/wp-json\/wp\/v2\/types\/product"}],"replies":[{"embeddable":true,"href":"https:\/\/eu.tilta.com\/de\/wp-json\/wp\/v2\/comments?post=2009811"}],"wp:featuredmedia":[{"embeddable":true,"href":"https:\/\/eu.tilta.com\/de\/wp-json\/wp\/v2\/media\/2009640"}],"wp:attachment":[{"href":"https:\/\/eu.tilta.com\/de\/wp-json\/wp\/v2\/media?parent=2009811"}],"wp:term":[{"taxonomy":"product_cat","embeddable":true,"href":"https:\/\/eu.tilta.com\/de\/wp-json\/wp\/v2\/product_cat?post=2009811"},{"taxonomy":"product_tag","embeddable":true,"href":"https:\/\/eu.tilta.com\/de\/wp-json\/wp\/v2\/product_tag?post=2009811"}],"curies":[{"name":"wp","href":"https:\/\/api.w.org\/{rel}","templated":true}]}}