{"id":2009812,"date":"2024-09-12T04:53:03","date_gmt":"2024-09-12T02:53:03","guid":{"rendered":"https:\/\/eu.tilta.com\/shop\/tilta-manfrotto-universal-schnellwechselplatte-schwarz\/"},"modified":"2025-12-05T13:47:43","modified_gmt":"2025-12-05T12:47:43","slug":"tilta-manfrotto-universal-quick-release-plate-black","status":"publish","type":"product","link":"https:\/\/eu.tilta.com\/de\/shop\/tilta-manfrotto-universal-quick-release-plate-black\/","title":{"rendered":"Tilta Manfrotto Universal Schnellwechselplatte &#8211; Schwarz"},"content":{"rendered":"<p>Diese Manfrotto Universal-Schnellwechselplatte kann mit einer Vielzahl unserer Halterungssysteme und Zubeh\u00f6rteile verwendet werden.<\/p>\n<p>Diese Schnellwechselplatte kann sowohl an der Unterseite einer Kamera oder eines K\u00e4figs f\u00fcr horizontale Aufnahmen als auch an der Seite der meisten Kamerak\u00e4fige f\u00fcr vertikale Konfigurationen befestigt werden.<\/p>\n<p>Diese Platte dient auch als Ersatz f\u00fcr die im Lieferumfang des CT08 75mm Cine Fluid Head Stativs enthaltene Platte.<\/p>\n<p>HINWEIS: Diese Schnellwechselplatte ist mit einer Reihe von Manfrotto Empf\u00e4ngern kompatibel. Die Kompatibilit\u00e4t mit jedem Empf\u00e4nger kann jedoch nicht garantiert werden.<\/p>\n","protected":false},"excerpt":{"rendered":"<p>Diese Manfrotto Universal-Schnellwechselplatte kann mit einer Vielzahl unserer Halterungssysteme und Zubeh\u00f6rteile verwendet werden. Diese Schnellwechselplatte kann sowohl an der Unterseite einer Kamera oder eines K\u00e4figs f\u00fcr horizontale Aufnahmen als auch an der Seite der meisten Kamerak\u00e4fige f\u00fcr vertikale Konfigurationen befestigt [&hellip;]<\/p>\n","protected":false},"featured_media":2009567,"comment_status":"closed","ping_status":"closed","template":"","meta":[],"product_cat":[3251,1256],"product_tag":[],"acf":[],"gallery_images":[2009559,2009553,2009547,2009541,2009535,2009529],"_links":{"self":[{"href":"https:\/\/eu.tilta.com\/de\/wp-json\/wp\/v2\/product\/2009812"}],"collection":[{"href":"https:\/\/eu.tilta.com\/de\/wp-json\/wp\/v2\/product"}],"about":[{"href":"https:\/\/eu.tilta.com\/de\/wp-json\/wp\/v2\/types\/product"}],"replies":[{"embeddable":true,"href":"https:\/\/eu.tilta.com\/de\/wp-json\/wp\/v2\/comments?post=2009812"}],"wp:featuredmedia":[{"embeddable":true,"href":"https:\/\/eu.tilta.com\/de\/wp-json\/wp\/v2\/media\/2009567"}],"wp:attachment":[{"href":"https:\/\/eu.tilta.com\/de\/wp-json\/wp\/v2\/media?parent=2009812"}],"wp:term":[{"taxonomy":"product_cat","embeddable":true,"href":"https:\/\/eu.tilta.com\/de\/wp-json\/wp\/v2\/product_cat?post=2009812"},{"taxonomy":"product_tag","embeddable":true,"href":"https:\/\/eu.tilta.com\/de\/wp-json\/wp\/v2\/product_tag?post=2009812"}],"curies":[{"name":"wp","href":"https:\/\/api.w.org\/{rel}","templated":true}]}}