{"id":2009813,"date":"2024-09-10T12:47:24","date_gmt":"2024-09-10T10:47:24","guid":{"rendered":"https:\/\/eu.tilta.com\/shop\/tilta-arca-hoehenverstellbare-15mm-lws-grundplatte-schwarz\/"},"modified":"2025-12-05T14:22:29","modified_gmt":"2025-12-05T13:22:29","slug":"tilta-arca-height-adjustable-15mm-lws-baseplate-black","status":"publish","type":"product","link":"https:\/\/eu.tilta.com\/de\/shop\/tilta-arca-height-adjustable-15mm-lws-baseplate-black\/","title":{"rendered":"Tilta Arca H\u00f6henverstellbare 15mm LWS Grundplatte &#8211; Schwarz"},"content":{"rendered":"<p><em>Wir stellen die h\u00f6henverstellbare 15mm LWS-Basisplatte von Arca vor.<\/em><\/p>\n<p>Mit dieser 15-mm-Grundplatte k\u00f6nnen Sie 15-mm-Stangen (nicht im Lieferumfang enthalten) verwenden, um diverses Zubeh\u00f6r wie Matteboxen oder Follow-Focus-Systeme zu montieren.<\/p>\n<p>Einzigartig an diesem Ger\u00e4t ist das h\u00f6henverstellbare Design, das es dem Benutzer erm\u00f6glicht, die H\u00f6he seiner Kamera im Verh\u00e4ltnis zu seinem Gest\u00e4nge anzupassen.<\/p>\n<p>Das bedeutet, dass Benutzer den LWS 85mm-Standard zwischen ihrem Gest\u00e4nge und der Mitte ihres Sensors beibehalten k\u00f6nnen, um die Kompatibilit\u00e4t mit einer Reihe von verschiedenen Zubeh\u00f6rteilen und Kamerageh\u00e4usen zu gew\u00e4hrleisten.<\/p>\n<p>Der Abstand von der Mitte des Gest\u00e4nges zum Arca-Empf\u00e4nger reicht von 18 mm bis 38 mm und ist mit den DJI-Standard-Arca-Platten kompatibel.<\/p>\n<p>Die Unterseite der Grundplatte ist mit den Tilta Standardschwalbenschw\u00e4nzen kompatibel und verf\u00fcgt au\u00dferdem \u00fcber ein 1\/4\u2033-20-Gewinde zur Befestigung an Stativen und anderen Tr\u00e4gersystemen.<\/p>\n<p>Wir empfehlen, diese Grundplatte f\u00fcr Kamerasysteme zu verwenden, die weniger als 10 lbs wiegen.<\/p>\n","protected":false},"excerpt":{"rendered":"<p>Wir stellen die h\u00f6henverstellbare 15mm LWS-Basisplatte von Arca vor. Mit dieser 15-mm-Grundplatte k\u00f6nnen Sie 15-mm-Stangen (nicht im Lieferumfang enthalten) verwenden, um diverses Zubeh\u00f6r wie Matteboxen oder Follow-Focus-Systeme zu montieren. Einzigartig an diesem Ger\u00e4t ist das h\u00f6henverstellbare Design, das es dem [&hellip;]<\/p>\n","protected":false},"featured_media":2009112,"comment_status":"closed","ping_status":"closed","template":"","meta":[],"product_cat":[3255,1071,1191],"product_tag":[],"acf":[],"gallery_images":[2009106,2009100,2009094,2009088,2009082,2009076,2009070,2009064],"_links":{"self":[{"href":"https:\/\/eu.tilta.com\/de\/wp-json\/wp\/v2\/product\/2009813"}],"collection":[{"href":"https:\/\/eu.tilta.com\/de\/wp-json\/wp\/v2\/product"}],"about":[{"href":"https:\/\/eu.tilta.com\/de\/wp-json\/wp\/v2\/types\/product"}],"replies":[{"embeddable":true,"href":"https:\/\/eu.tilta.com\/de\/wp-json\/wp\/v2\/comments?post=2009813"}],"wp:featuredmedia":[{"embeddable":true,"href":"https:\/\/eu.tilta.com\/de\/wp-json\/wp\/v2\/media\/2009112"}],"wp:attachment":[{"href":"https:\/\/eu.tilta.com\/de\/wp-json\/wp\/v2\/media?parent=2009813"}],"wp:term":[{"taxonomy":"product_cat","embeddable":true,"href":"https:\/\/eu.tilta.com\/de\/wp-json\/wp\/v2\/product_cat?post=2009813"},{"taxonomy":"product_tag","embeddable":true,"href":"https:\/\/eu.tilta.com\/de\/wp-json\/wp\/v2\/product_tag?post=2009813"}],"curies":[{"name":"wp","href":"https:\/\/api.w.org\/{rel}","templated":true}]}}