{"id":2012312,"date":"2024-05-29T23:01:40","date_gmt":"2024-05-29T21:01:40","guid":{"rendered":"https:\/\/eu.tilta.com\/shop\/tilta-illusion-95mm-gold-streak-filter\/"},"modified":"2025-12-05T13:49:05","modified_gmt":"2025-12-05T12:49:05","slug":"tilta-illusion-95mm-gold-streak-filter","status":"publish","type":"product","link":"https:\/\/eu.tilta.com\/de\/shop\/tilta-illusion-95mm-gold-streak-filter\/","title":{"rendered":"Tilta Illusion 95mm Gold Streak Filter"},"content":{"rendered":"<p><em>Wir stellen die n\u00e4chste Generation von 95mm Filtern f\u00fcr die Mirage Matte Box vor &#8211; TILTA ILLUSION<\/em><\/p>\n<p>Die Illusionsfilter sind das neue, im eigenen Haus hergestellte Set von Filtern, die speziell f\u00fcr den Circular 95mm Standard der Mirage Matte Box entwickelt wurden.<\/p>\n<p>Dieser Filter erzeugt einzigartige, anamorphotisch inspirierte Flares, die von Lichtquellen ausgehen.<\/p>\n<p>Der Filter kann so positioniert werden, dass er Streifen in jeder beliebigen Richtung des Bildes erzeugt.<\/p>\n<p>Dieser Filter erzeugt akkurate Farben, ohne die Sch\u00e4rfe zu verringern, und verf\u00fcgt \u00fcber eine doppelseitige Nanobeschichtung, die den Filter vor Kratzern und Reflexionen sch\u00fctzt.<\/p>\n","protected":false},"excerpt":{"rendered":"<p>Wir stellen die n\u00e4chste Generation von 95mm Filtern f\u00fcr die Mirage Matte Box vor &#8211; TILTA ILLUSION Die Illusionsfilter sind das neue, im eigenen Haus hergestellte Set von Filtern, die speziell f\u00fcr den Circular 95mm Standard der Mirage Matte Box [&hellip;]<\/p>\n","protected":false},"featured_media":2011679,"comment_status":"closed","ping_status":"closed","template":"","meta":[],"product_cat":[1196],"product_tag":[],"acf":[],"gallery_images":[],"_links":{"self":[{"href":"https:\/\/eu.tilta.com\/de\/wp-json\/wp\/v2\/product\/2012312"}],"collection":[{"href":"https:\/\/eu.tilta.com\/de\/wp-json\/wp\/v2\/product"}],"about":[{"href":"https:\/\/eu.tilta.com\/de\/wp-json\/wp\/v2\/types\/product"}],"replies":[{"embeddable":true,"href":"https:\/\/eu.tilta.com\/de\/wp-json\/wp\/v2\/comments?post=2012312"}],"wp:featuredmedia":[{"embeddable":true,"href":"https:\/\/eu.tilta.com\/de\/wp-json\/wp\/v2\/media\/2011679"}],"wp:attachment":[{"href":"https:\/\/eu.tilta.com\/de\/wp-json\/wp\/v2\/media?parent=2012312"}],"wp:term":[{"taxonomy":"product_cat","embeddable":true,"href":"https:\/\/eu.tilta.com\/de\/wp-json\/wp\/v2\/product_cat?post=2012312"},{"taxonomy":"product_tag","embeddable":true,"href":"https:\/\/eu.tilta.com\/de\/wp-json\/wp\/v2\/product_tag?post=2012312"}],"curies":[{"name":"wp","href":"https:\/\/api.w.org\/{rel}","templated":true}]}}