{"id":2012329,"date":"2024-10-28T10:24:22","date_gmt":"2024-10-28T09:24:22","guid":{"rendered":"https:\/\/eu.tilta.com\/shop\/50mm-montageklemme-fuer-hydra-alien-pro\/"},"modified":"2025-12-05T13:49:12","modified_gmt":"2025-12-05T12:49:12","slug":"50mm-mounting-clamp-for-hydra-alien-pro","status":"publish","type":"product","link":"https:\/\/eu.tilta.com\/de\/shop\/50mm-mounting-clamp-for-hydra-alien-pro\/","title":{"rendered":"50mm Montageklemme f\u00fcr Hydra Alien Pro"},"content":{"rendered":"<div class=\"overview-text\">\n<p>Mit dieser 50-mm-Montageklemme k\u00f6nnen Sie den Hydra Alien Pro Shock Absorbing Arm an einer 50-mm-Speed Rail befestigen.<\/p>\n<p>Diese verl\u00e4ngerte Version ist f\u00fcr gr\u00f6\u00dfere Gimbals wie den DJI Ronin 2 erforderlich, da sie mehr Spielraum zwischen der Speed Rail und dem Gimbalgeh\u00e4use bietet als die kompakte Version.<\/p>\n<p>Diese Klemme verf\u00fcgt \u00fcber zwei Verriegelungskn\u00f6pfe, um das Ger\u00e4t an der Speed Rail zu befestigen. Diese k\u00f6nnen mit Hilfe von Werkzeug festgezogen werden, um eine unglaublich starke Verbindung zu gew\u00e4hrleisten.<\/p>\n<p>Die Schnellspannvorrichtung am anderen Ende ist mit einem Verriegelungshebel und einem Sicherheitsausl\u00f6ser ausgestattet, so dass der Sto\u00dfd\u00e4mpferarm schnell installiert oder entfernt werden kann und dabei sicher bleibt.<\/p>\n<\/div>\n","protected":false},"excerpt":{"rendered":"<p>Mit dieser 50-mm-Montageklemme k\u00f6nnen Sie den Hydra Alien Pro Shock Absorbing Arm an einer 50-mm-Speed Rail befestigen. Diese verl\u00e4ngerte Version ist f\u00fcr gr\u00f6\u00dfere Gimbals wie den DJI Ronin 2 erforderlich, da sie mehr Spielraum zwischen der Speed Rail und dem [&hellip;]<\/p>\n","protected":false},"featured_media":2011845,"comment_status":"open","ping_status":"closed","template":"","meta":[],"product_cat":[3234],"product_tag":[],"acf":[],"gallery_images":[2011839,2011833],"_links":{"self":[{"href":"https:\/\/eu.tilta.com\/de\/wp-json\/wp\/v2\/product\/2012329"}],"collection":[{"href":"https:\/\/eu.tilta.com\/de\/wp-json\/wp\/v2\/product"}],"about":[{"href":"https:\/\/eu.tilta.com\/de\/wp-json\/wp\/v2\/types\/product"}],"replies":[{"embeddable":true,"href":"https:\/\/eu.tilta.com\/de\/wp-json\/wp\/v2\/comments?post=2012329"}],"wp:featuredmedia":[{"embeddable":true,"href":"https:\/\/eu.tilta.com\/de\/wp-json\/wp\/v2\/media\/2011845"}],"wp:attachment":[{"href":"https:\/\/eu.tilta.com\/de\/wp-json\/wp\/v2\/media?parent=2012329"}],"wp:term":[{"taxonomy":"product_cat","embeddable":true,"href":"https:\/\/eu.tilta.com\/de\/wp-json\/wp\/v2\/product_cat?post=2012329"},{"taxonomy":"product_tag","embeddable":true,"href":"https:\/\/eu.tilta.com\/de\/wp-json\/wp\/v2\/product_tag?post=2012329"}],"curies":[{"name":"wp","href":"https:\/\/api.w.org\/{rel}","templated":true}]}}