{"id":2012350,"date":"2024-10-25T04:51:58","date_gmt":"2024-10-25T02:51:58","guid":{"rendered":"https:\/\/eu.tilta.com\/shop\/tilta-illusion-95mm-polarisationsfilter\/"},"modified":"2026-01-21T13:21:41","modified_gmt":"2026-01-21T12:21:41","slug":"tilta-illusion-95mm-polarizer-filter","status":"publish","type":"product","link":"https:\/\/eu.tilta.com\/de\/shop\/tilta-illusion-95mm-polarizer-filter\/","title":{"rendered":"Tilta Illusion 95mm Polarisationsfilter"},"content":{"rendered":"<p><em>Wir stellen die n\u00e4chste Generation von 95mm Filtern f\u00fcr die Mirage Matte Box vor &#8211; TILTA ILLUSION<\/em><\/p>\n<p>Die Illusionsfilter sind das neue, im eigenen Haus hergestellte Set von Filtern, die speziell f\u00fcr den Circular 95mm Standard der Mirage Matte Box entwickelt wurden.<\/p>\n<p>Dieser Filter sorgt f\u00fcr akkurate und lebendige Farben, indem er das reflektierte Licht begrenzt und unerw\u00fcnschte Blendungen durch reflektierende Oberfl\u00e4chen wie Wasser oder Glas verhindert.<\/p>\n<p>Dieser Filter ist eine preisg\u00fcnstige Alternative zum originalen <a href=\"https:\/\/eu.tilta.com\/shop\/95mm-polarizer-filter-for-tilta-mirage\/\">95mm Polarizer Filter f\u00fcr Tilta Mirage<\/a><\/p>\n<p>Sie k\u00f6nnen die Filter in die gew\u00fcnschte Position bringen, indem Sie die gesamte Matte-Box drehen.<\/p>\n","protected":false},"excerpt":{"rendered":"<p>Wir stellen die n\u00e4chste Generation von 95mm Filtern f\u00fcr die Mirage Matte Box vor &#8211; TILTA ILLUSION Die Illusionsfilter sind das neue, im eigenen Haus hergestellte Set von Filtern, die speziell f\u00fcr den Circular 95mm Standard der Mirage Matte Box [&hellip;]<\/p>\n","protected":false},"featured_media":2011696,"comment_status":"open","ping_status":"closed","template":"","meta":[],"product_cat":[3247],"product_tag":[],"acf":[],"gallery_images":[],"_links":{"self":[{"href":"https:\/\/eu.tilta.com\/de\/wp-json\/wp\/v2\/product\/2012350"}],"collection":[{"href":"https:\/\/eu.tilta.com\/de\/wp-json\/wp\/v2\/product"}],"about":[{"href":"https:\/\/eu.tilta.com\/de\/wp-json\/wp\/v2\/types\/product"}],"replies":[{"embeddable":true,"href":"https:\/\/eu.tilta.com\/de\/wp-json\/wp\/v2\/comments?post=2012350"}],"wp:featuredmedia":[{"embeddable":true,"href":"https:\/\/eu.tilta.com\/de\/wp-json\/wp\/v2\/media\/2011696"}],"wp:attachment":[{"href":"https:\/\/eu.tilta.com\/de\/wp-json\/wp\/v2\/media?parent=2012350"}],"wp:term":[{"taxonomy":"product_cat","embeddable":true,"href":"https:\/\/eu.tilta.com\/de\/wp-json\/wp\/v2\/product_cat?post=2012350"},{"taxonomy":"product_tag","embeddable":true,"href":"https:\/\/eu.tilta.com\/de\/wp-json\/wp\/v2\/product_tag?post=2012350"}],"curies":[{"name":"wp","href":"https:\/\/api.w.org\/{rel}","templated":true}]}}