{"id":2012357,"date":"2024-10-28T08:12:32","date_gmt":"2024-10-28T07:12:32","guid":{"rendered":"https:\/\/eu.tilta.com\/shop\/tilta-arca-manfrotto-dual-quick-release-receiver-kit-fuer-ct08\/"},"modified":"2025-12-05T13:50:10","modified_gmt":"2025-12-05T12:50:10","slug":"tilta-arca-manfrotto-dual-quick-release-receiver-kit-for-ct08","status":"publish","type":"product","link":"https:\/\/eu.tilta.com\/de\/shop\/tilta-arca-manfrotto-dual-quick-release-receiver-kit-for-ct08\/","title":{"rendered":"Tilta ARCA Manfrotto Dual Quick Release Receiver Kit f\u00fcr CT08"},"content":{"rendered":"<p>Wir stellen Ihnen das ARCA Manfrotto Dual Quick Release Receiver Kit f\u00fcr CT08 vor.<\/p>\n<p>Dieser Empf\u00e4nger ersetzt das Original des CT08-Stativs und bietet einen verbesserten Verriegelungsmechanismus f\u00fcr zus\u00e4tzliche Sicherheit.<\/p>\n<p>Diese ist kompatibel mit der mitgelieferten Manfrotto Schnellwechselplatte und auch mit DJI-Standard Arca-Swiss Schnellwechselplatten.<\/p>\n<p>Dies kann den Wechsel von einem Stativ zu einem Gimbal beschleunigen und die Effizienz erheblich verbessern.<\/p>\n","protected":false},"excerpt":{"rendered":"<p>Wir stellen Ihnen das ARCA Manfrotto Dual Quick Release Receiver Kit f\u00fcr CT08 vor. Dieser Empf\u00e4nger ersetzt das Original des CT08-Stativs und bietet einen verbesserten Verriegelungsmechanismus f\u00fcr zus\u00e4tzliche Sicherheit. Diese ist kompatibel mit der mitgelieferten Manfrotto Schnellwechselplatte und auch mit [&hellip;]<\/p>\n","protected":false},"featured_media":2011739,"comment_status":"open","ping_status":"closed","template":"","meta":[],"product_cat":[3251],"product_tag":[],"acf":[],"gallery_images":[2011733,2011727,2011721,2011715],"_links":{"self":[{"href":"https:\/\/eu.tilta.com\/de\/wp-json\/wp\/v2\/product\/2012357"}],"collection":[{"href":"https:\/\/eu.tilta.com\/de\/wp-json\/wp\/v2\/product"}],"about":[{"href":"https:\/\/eu.tilta.com\/de\/wp-json\/wp\/v2\/types\/product"}],"replies":[{"embeddable":true,"href":"https:\/\/eu.tilta.com\/de\/wp-json\/wp\/v2\/comments?post=2012357"}],"wp:featuredmedia":[{"embeddable":true,"href":"https:\/\/eu.tilta.com\/de\/wp-json\/wp\/v2\/media\/2011739"}],"wp:attachment":[{"href":"https:\/\/eu.tilta.com\/de\/wp-json\/wp\/v2\/media?parent=2012357"}],"wp:term":[{"taxonomy":"product_cat","embeddable":true,"href":"https:\/\/eu.tilta.com\/de\/wp-json\/wp\/v2\/product_cat?post=2012357"},{"taxonomy":"product_tag","embeddable":true,"href":"https:\/\/eu.tilta.com\/de\/wp-json\/wp\/v2\/product_tag?post=2012357"}],"curies":[{"name":"wp","href":"https:\/\/api.w.org\/{rel}","templated":true}]}}