{"id":2012359,"date":"2024-10-28T09:32:18","date_gmt":"2024-10-28T08:32:18","guid":{"rendered":"https:\/\/eu.tilta.com\/shop\/kompakte-50mm-montageklemme-fuer-hydra-alien-pro\/"},"modified":"2025-12-05T13:49:46","modified_gmt":"2025-12-05T12:49:46","slug":"compact-50mm-mounting-clamp-for-hydra-alien-pro","status":"publish","type":"product","link":"https:\/\/eu.tilta.com\/de\/shop\/compact-50mm-mounting-clamp-for-hydra-alien-pro\/","title":{"rendered":"Kompakte 50mm Montageklemme f\u00fcr Hydra Alien Pro"},"content":{"rendered":"<div class=\"overview-text\">\n<div class=\"overview-text\">\n<p>Mit dieser kompakten 50-mm-Montageklemme k\u00f6nnen Sie den Hydra Alien Pro Shock Absorbing Arm an einer 50-mm-Speed Rail befestigen.<\/p>\n<p>Diese kompakte Version ist perfekt f\u00fcr kleinere Gimbals wie die DJI Ronin S-Serie und hilft, das Rig n\u00e4her am Fahrzeug zu halten, an dem es montiert ist.<\/p>\n<p>Diese Klemme verf\u00fcgt \u00fcber zwei Verriegelungskn\u00f6pfe, um das Ger\u00e4t an der Speed Rail zu befestigen. Diese k\u00f6nnen mit Hilfe von Werkzeug festgezogen werden, um eine unglaublich starke Verbindung zu gew\u00e4hrleisten.<\/p>\n<p>Die Schnellspannvorrichtung am anderen Ende ist mit einem Verriegelungshebel und einem Sicherheitsausl\u00f6ser ausgestattet, so dass der Sto\u00dfd\u00e4mpferarm schnell installiert oder entfernt werden kann und dabei sicher bleibt.<\/p>\n<\/div>\n<\/div>\n","protected":false},"excerpt":{"rendered":"<p>Mit dieser kompakten 50-mm-Montageklemme k\u00f6nnen Sie den Hydra Alien Pro Shock Absorbing Arm an einer 50-mm-Speed Rail befestigen. Diese kompakte Version ist perfekt f\u00fcr kleinere Gimbals wie die DJI Ronin S-Serie und hilft, das Rig n\u00e4her am Fahrzeug zu halten, [&hellip;]<\/p>\n","protected":false},"featured_media":2011820,"comment_status":"open","ping_status":"closed","template":"","meta":[],"product_cat":[3234],"product_tag":[],"acf":[],"gallery_images":[2011814,2011808],"_links":{"self":[{"href":"https:\/\/eu.tilta.com\/de\/wp-json\/wp\/v2\/product\/2012359"}],"collection":[{"href":"https:\/\/eu.tilta.com\/de\/wp-json\/wp\/v2\/product"}],"about":[{"href":"https:\/\/eu.tilta.com\/de\/wp-json\/wp\/v2\/types\/product"}],"replies":[{"embeddable":true,"href":"https:\/\/eu.tilta.com\/de\/wp-json\/wp\/v2\/comments?post=2012359"}],"wp:featuredmedia":[{"embeddable":true,"href":"https:\/\/eu.tilta.com\/de\/wp-json\/wp\/v2\/media\/2011820"}],"wp:attachment":[{"href":"https:\/\/eu.tilta.com\/de\/wp-json\/wp\/v2\/media?parent=2012359"}],"wp:term":[{"taxonomy":"product_cat","embeddable":true,"href":"https:\/\/eu.tilta.com\/de\/wp-json\/wp\/v2\/product_cat?post=2012359"},{"taxonomy":"product_tag","embeddable":true,"href":"https:\/\/eu.tilta.com\/de\/wp-json\/wp\/v2\/product_tag?post=2012359"}],"curies":[{"name":"wp","href":"https:\/\/api.w.org\/{rel}","templated":true}]}}