{"id":2012366,"date":"2024-10-24T09:54:40","date_gmt":"2024-10-24T07:54:40","guid":{"rendered":"https:\/\/eu.tilta.com\/shop\/halber-kamerakaefig-fuer-canon-r5-mark-ii-schwarz\/"},"modified":"2026-02-16T09:01:00","modified_gmt":"2026-02-16T08:01:00","slug":"half-camera-cage-for-canon-r5-mark-ii-black","status":"publish","type":"product","link":"https:\/\/eu.tilta.com\/de\/shop\/half-camera-cage-for-canon-r5-mark-ii-black\/","title":{"rendered":"Halber Kamerak\u00e4fig f\u00fcr Canon R5 Mark II &#8211; Schwarz"},"content":{"rendered":"<p><em>Wir stellen vor: Der halbe Kamerak\u00e4fig f\u00fcr den Canon R5 Mark II<\/em><\/p>\n<p>Dieser Kamerak\u00e4fig bietet moderaten Schutz f\u00fcr das Kamerageh\u00e4use und erweitert die Befestigungsm\u00f6glichkeiten f\u00fcr diverses Zubeh\u00f6r, w\u00e4hrend er gleichzeitig leicht ist.<\/p>\n<p>Der Half Cage verf\u00fcgt \u00fcber Handgelenkbandhalterungen, ein 3\/8\u2033-16 Gewinde und 1\/4\u2033-20 Gewinde mit Fixierpunkten.<\/p>\n<p>Eine weiche Silikonpolsterung und ein zus\u00e4tzlicher Kontaktpunkt zwischen Kamera und K\u00e4fig sorgen f\u00fcr eine solide Verbindung und eine starke Basis f\u00fcr die Montage von Zubeh\u00f6r.<\/p>\n","protected":false},"excerpt":{"rendered":"<p>Wir stellen vor: Der halbe Kamerak\u00e4fig f\u00fcr den Canon R5 Mark II Dieser Kamerak\u00e4fig bietet moderaten Schutz f\u00fcr das Kamerageh\u00e4use und erweitert die Befestigungsm\u00f6glichkeiten f\u00fcr diverses Zubeh\u00f6r, w\u00e4hrend er gleichzeitig leicht ist. Der Half Cage verf\u00fcgt \u00fcber Handgelenkbandhalterungen, ein 3\/8\u2033-16 [&hellip;]<\/p>\n","protected":false},"featured_media":2011457,"comment_status":"open","ping_status":"closed","template":"","meta":[],"product_cat":[3255,4448],"product_tag":[],"acf":[],"gallery_images":[2011451,2011445,2011439,2011433,2011427],"_links":{"self":[{"href":"https:\/\/eu.tilta.com\/de\/wp-json\/wp\/v2\/product\/2012366"}],"collection":[{"href":"https:\/\/eu.tilta.com\/de\/wp-json\/wp\/v2\/product"}],"about":[{"href":"https:\/\/eu.tilta.com\/de\/wp-json\/wp\/v2\/types\/product"}],"replies":[{"embeddable":true,"href":"https:\/\/eu.tilta.com\/de\/wp-json\/wp\/v2\/comments?post=2012366"}],"wp:featuredmedia":[{"embeddable":true,"href":"https:\/\/eu.tilta.com\/de\/wp-json\/wp\/v2\/media\/2011457"}],"wp:attachment":[{"href":"https:\/\/eu.tilta.com\/de\/wp-json\/wp\/v2\/media?parent=2012366"}],"wp:term":[{"taxonomy":"product_cat","embeddable":true,"href":"https:\/\/eu.tilta.com\/de\/wp-json\/wp\/v2\/product_cat?post=2012366"},{"taxonomy":"product_tag","embeddable":true,"href":"https:\/\/eu.tilta.com\/de\/wp-json\/wp\/v2\/product_tag?post=2012366"}],"curies":[{"name":"wp","href":"https:\/\/api.w.org\/{rel}","templated":true}]}}