{"id":2012374,"date":"2024-10-24T11:32:59","date_gmt":"2024-10-24T09:32:59","guid":{"rendered":"https:\/\/eu.tilta.com\/shop\/kamerakaefig-fuer-canon-r5-mark-ii-lightweight-kit-schwarz\/"},"modified":"2025-12-05T13:50:14","modified_gmt":"2025-12-05T12:50:14","slug":"camera-cage-for-canon-r5-mark-ii-lightweight-kit-black","status":"publish","type":"product","link":"https:\/\/eu.tilta.com\/de\/shop\/camera-cage-for-canon-r5-mark-ii-lightweight-kit-black\/","title":{"rendered":"Kamerak\u00e4fig f\u00fcr Canon R5 Mark II Lightweight Kit &#8211; Schwarz"},"content":{"rendered":"<p><em>Wir stellen den Kamerak\u00e4fig f\u00fcr das Canon R5 Mark II Lightweight Kit vor<\/em><\/p>\n<p>Dieser Kamerak\u00e4fig bietet zus\u00e4tzlichen Schutz f\u00fcr das Kamerageh\u00e4use und erweitert gleichzeitig die Befestigungsm\u00f6glichkeiten f\u00fcr diverses Zubeh\u00f6r.<\/p>\n<p>Der Full Cage verf\u00fcgt \u00fcber einen Cold Shoe-Empf\u00e4nger, M3-Gewinde f\u00fcr die Aufnahme von Adaptern, Halterungen f\u00fcr Handgelenkschlaufen, 1\/4\u2033-20- und 3\/8\u2033-16-Gewinde, beide mit Fixierpunkten.<\/p>\n<p>Ein einzigartiges 3\/8\u2033-16-Gewinde an der Oberseite des K\u00e4figs verf\u00fcgt \u00fcber einen abnehmbaren 1\/4\u2033-20-Adapter, der ihn zur perfekten Option f\u00fcr eine Vielzahl von oberen Griffen macht.<\/p>\n<p>Weiche Silikonpolsterung und mehrere Kontaktpunkte zwischen Kamera und K\u00e4fig sorgen f\u00fcr eine solide Verbindung und eine starke Basis f\u00fcr die Montage von Zubeh\u00f6r.<\/p>\n<p>Die mitgelieferte Kabelklemme wird mit oder ohne Kamerak\u00e4fig direkt am Kamerageh\u00e4use befestigt und sorgt f\u00fcr mehr Sicherheit f\u00fcr Kabel.<\/p>\n<p>Au\u00dferdem verf\u00fcgt es \u00fcber R\u00e4ndelschrauben, mit denen sich verschiedene Kabel schnell befestigen oder entfernen lassen, so dass f\u00fcr die Verwendung dieses Zubeh\u00f6rs kein Werkzeug erforderlich ist.<\/p>\n<p>Die mitgelieferte NATO-Schienenhalterung und der Top Handle bieten flexiblere Einsatzm\u00f6glichkeiten, besonders n\u00fctzlich f\u00fcr Aufnahmen aus niedrigen Winkeln.<\/p>\n<p>Dieser Griff erweitert au\u00dferdem die Befestigungsm\u00f6glichkeiten mit zus\u00e4tzlichen 1\/4\u2033-20-Gewinden und einem Cold Shoe-Empf\u00e4nger, perfekt f\u00fcr einen externen Monitor.<\/p>\n","protected":false},"excerpt":{"rendered":"<p>Wir stellen den Kamerak\u00e4fig f\u00fcr das Canon R5 Mark II Lightweight Kit vor Dieser Kamerak\u00e4fig bietet zus\u00e4tzlichen Schutz f\u00fcr das Kamerageh\u00e4use und erweitert gleichzeitig die Befestigungsm\u00f6glichkeiten f\u00fcr diverses Zubeh\u00f6r. Der Full Cage verf\u00fcgt \u00fcber einen Cold Shoe-Empf\u00e4nger, M3-Gewinde f\u00fcr die [&hellip;]<\/p>\n","protected":false},"featured_media":2011570,"comment_status":"open","ping_status":"closed","template":"","meta":[],"product_cat":[3255],"product_tag":[],"acf":[],"gallery_images":[2011564,2011558,2011552,2011546,2011540],"_links":{"self":[{"href":"https:\/\/eu.tilta.com\/de\/wp-json\/wp\/v2\/product\/2012374"}],"collection":[{"href":"https:\/\/eu.tilta.com\/de\/wp-json\/wp\/v2\/product"}],"about":[{"href":"https:\/\/eu.tilta.com\/de\/wp-json\/wp\/v2\/types\/product"}],"replies":[{"embeddable":true,"href":"https:\/\/eu.tilta.com\/de\/wp-json\/wp\/v2\/comments?post=2012374"}],"wp:featuredmedia":[{"embeddable":true,"href":"https:\/\/eu.tilta.com\/de\/wp-json\/wp\/v2\/media\/2011570"}],"wp:attachment":[{"href":"https:\/\/eu.tilta.com\/de\/wp-json\/wp\/v2\/media?parent=2012374"}],"wp:term":[{"taxonomy":"product_cat","embeddable":true,"href":"https:\/\/eu.tilta.com\/de\/wp-json\/wp\/v2\/product_cat?post=2012374"},{"taxonomy":"product_tag","embeddable":true,"href":"https:\/\/eu.tilta.com\/de\/wp-json\/wp\/v2\/product_tag?post=2012374"}],"curies":[{"name":"wp","href":"https:\/\/api.w.org\/{rel}","templated":true}]}}