{"id":2012383,"date":"2024-10-24T08:11:35","date_gmt":"2024-10-24T06:11:35","guid":{"rendered":"https:\/\/eu.tilta.com\/shop\/tilta-universal-quick-release-tie-down-fuer-cine-fluid-head-space-grey\/"},"modified":"2025-12-05T13:50:18","modified_gmt":"2025-12-05T12:50:18","slug":"tilta-universal-quick-release-tie-down-for-cine-fluid-head-space-grey","status":"publish","type":"product","link":"https:\/\/eu.tilta.com\/de\/shop\/tilta-universal-quick-release-tie-down-for-cine-fluid-head-space-grey\/","title":{"rendered":"Tilta Universal Quick Release Tie-Down f\u00fcr Cine Fluid Head &#8211; Space Grey"},"content":{"rendered":"<p>Dieser Universal Tie-Down f\u00fcr Cine Fluid Head l\u00e4sst sich schnell an der Basis der CT12- und CT08-Stativk\u00f6pfe befestigen und erm\u00f6glicht ein schnelleres Anbringen und Abnehmen des Fluidkopfes.<\/p>\n<p>Halten Sie einfach den Schnellverschluss gedr\u00fcckt, schieben Sie den Tie Down auf, lassen Sie dann die Lasche los und ziehen Sie ihn mit ein paar Drehungen fest.<\/p>\n<p>So k\u00f6nnen Sie sich beim Fotografieren schneller bewegen, da der Stativkopf schnell aufgesetzt oder abgenommen werden kann, was besonders beim Wechsel zwischen Stativbeinen, einem Dolly oder anderen Tr\u00e4gersystemen n\u00fctzlich ist.<\/p>\n<p>Dank seines universellen Designs ist dieses Zubeh\u00f6r mit jedem Stativkopf kompatibel, der \u00fcber ein M10- oder 3\/8\u2033-16-Gewinde verf\u00fcgt.<\/p>\n","protected":false},"excerpt":{"rendered":"<p>Dieser Universal Tie-Down f\u00fcr Cine Fluid Head l\u00e4sst sich schnell an der Basis der CT12- und CT08-Stativk\u00f6pfe befestigen und erm\u00f6glicht ein schnelleres Anbringen und Abnehmen des Fluidkopfes. Halten Sie einfach den Schnellverschluss gedr\u00fcckt, schieben Sie den Tie Down auf, lassen [&hellip;]<\/p>\n","protected":false},"featured_media":2011383,"comment_status":"open","ping_status":"closed","template":"","meta":[],"product_cat":[3251],"product_tag":[],"acf":[],"gallery_images":[2011377,2011371],"_links":{"self":[{"href":"https:\/\/eu.tilta.com\/de\/wp-json\/wp\/v2\/product\/2012383"}],"collection":[{"href":"https:\/\/eu.tilta.com\/de\/wp-json\/wp\/v2\/product"}],"about":[{"href":"https:\/\/eu.tilta.com\/de\/wp-json\/wp\/v2\/types\/product"}],"replies":[{"embeddable":true,"href":"https:\/\/eu.tilta.com\/de\/wp-json\/wp\/v2\/comments?post=2012383"}],"wp:featuredmedia":[{"embeddable":true,"href":"https:\/\/eu.tilta.com\/de\/wp-json\/wp\/v2\/media\/2011383"}],"wp:attachment":[{"href":"https:\/\/eu.tilta.com\/de\/wp-json\/wp\/v2\/media?parent=2012383"}],"wp:term":[{"taxonomy":"product_cat","embeddable":true,"href":"https:\/\/eu.tilta.com\/de\/wp-json\/wp\/v2\/product_cat?post=2012383"},{"taxonomy":"product_tag","embeddable":true,"href":"https:\/\/eu.tilta.com\/de\/wp-json\/wp\/v2\/product_tag?post=2012383"}],"curies":[{"name":"wp","href":"https:\/\/api.w.org\/{rel}","templated":true}]}}